{"id":2788,"date":"2022-03-31T19:57:26","date_gmt":"2022-03-31T19:57:26","guid":{"rendered":"https:\/\/qualiquimica.com\/produto\/produto-2\/"},"modified":"2022-10-20T11:27:08","modified_gmt":"2022-10-20T11:27:08","slug":"qualisuper-desengordurante-extra-forte","status":"publish","type":"product","link":"https:\/\/qualiquimica.com\/en\/product\/qualisuper-desengordurante-extra-forte\/","title":{"rendered":"Qualisuper \u2013 Desengordurante Extra Forte"},"content":{"rendered":"","protected":false},"excerpt":{"rendered":"<p>Potente desengordurante concentrado altamente alcalino para desengorduramento de pavimentos, azulejos, m\u00e1quinas, carro\u00e7arias, pe\u00e7as, jantes, motores, entre outros. Tamb\u00e9m est\u00e1 apto para o desengorduramento em sistemas AVAC e apresenta excelentes resultados em cozinhas no desengorduramento de fog\u00f5es, grelhas, extratores, etc. Devido \u00e0 sua alta concentra\u00e7\u00e3o, o QualiSuper pode ser dilu\u00eddo na maioria das aplica\u00e7\u00f5es.<\/p>\n","protected":false},"featured_media":3397,"comment_status":"open","ping_status":"closed","template":"","meta":[],"product_brand":[],"product_cat":[36,53],"product_tag":[],"class_list":{"0":"post-2788","1":"product","2":"type-product","3":"status-publish","4":"has-post-thumbnail","6":"product_cat-linha-profissional","7":"product_cat-manutencao-industrial","9":"first","10":"instock","11":"shipping-taxable","12":"purchasable","13":"product-type-variable"},"_links":{"self":[{"href":"https:\/\/qualiquimica.com\/en\/wp-json\/wp\/v2\/product\/2788"}],"collection":[{"href":"https:\/\/qualiquimica.com\/en\/wp-json\/wp\/v2\/product"}],"about":[{"href":"https:\/\/qualiquimica.com\/en\/wp-json\/wp\/v2\/types\/product"}],"replies":[{"embeddable":true,"href":"https:\/\/qualiquimica.com\/en\/wp-json\/wp\/v2\/comments?post=2788"}],"wp:featuredmedia":[{"embeddable":true,"href":"https:\/\/qualiquimica.com\/en\/wp-json\/wp\/v2\/media\/3397"}],"wp:attachment":[{"href":"https:\/\/qualiquimica.com\/en\/wp-json\/wp\/v2\/media?parent=2788"}],"wp:term":[{"taxonomy":"product_brand","embeddable":true,"href":"https:\/\/qualiquimica.com\/en\/wp-json\/wp\/v2\/product_brand?post=2788"},{"taxonomy":"product_cat","embeddable":true,"href":"https:\/\/qualiquimica.com\/en\/wp-json\/wp\/v2\/product_cat?post=2788"},{"taxonomy":"product_tag","embeddable":true,"href":"https:\/\/qualiquimica.com\/en\/wp-json\/wp\/v2\/product_tag?post=2788"}],"curies":[{"name":"wp","href":"https:\/\/api.w.org\/{rel}","templated":true}]}}