{"id":2789,"date":"2022-03-31T19:57:26","date_gmt":"2022-03-31T19:57:26","guid":{"rendered":"https:\/\/qualiquimica.com\/produto\/dac-60-detergente-super-alcalino\/"},"modified":"2022-10-19T23:52:06","modified_gmt":"2022-10-19T23:52:06","slug":"dac-60-detergente-super-alcalino","status":"publish","type":"product","link":"https:\/\/qualiquimica.com\/en\/product\/dac-60-detergente-super-alcalino\/","title":{"rendered":"DAC 60 &#8211; Detergente Super Alcalino"},"content":{"rendered":"","protected":false},"excerpt":{"rendered":"<p>Detergente altamente alcalino para lavagem de cubas de inox na ind\u00fastria vin\u00edcola e alimentar. Trata-se de um produto alcalino de baixa espuma que permite uma lavagem eficaz dos reservat\u00f3rios.<\/p>\n","protected":false},"featured_media":1935,"comment_status":"open","ping_status":"closed","template":"","meta":[],"product_brand":[],"product_cat":[36,53],"product_tag":[],"class_list":{"0":"post-2789","1":"product","2":"type-product","3":"status-publish","4":"has-post-thumbnail","6":"product_cat-linha-profissional","7":"product_cat-manutencao-industrial","9":"first","10":"instock","11":"shipping-taxable","12":"purchasable","13":"product-type-variable"},"_links":{"self":[{"href":"https:\/\/qualiquimica.com\/en\/wp-json\/wp\/v2\/product\/2789"}],"collection":[{"href":"https:\/\/qualiquimica.com\/en\/wp-json\/wp\/v2\/product"}],"about":[{"href":"https:\/\/qualiquimica.com\/en\/wp-json\/wp\/v2\/types\/product"}],"replies":[{"embeddable":true,"href":"https:\/\/qualiquimica.com\/en\/wp-json\/wp\/v2\/comments?post=2789"}],"wp:featuredmedia":[{"embeddable":true,"href":"https:\/\/qualiquimica.com\/en\/wp-json\/wp\/v2\/media\/1935"}],"wp:attachment":[{"href":"https:\/\/qualiquimica.com\/en\/wp-json\/wp\/v2\/media?parent=2789"}],"wp:term":[{"taxonomy":"product_brand","embeddable":true,"href":"https:\/\/qualiquimica.com\/en\/wp-json\/wp\/v2\/product_brand?post=2789"},{"taxonomy":"product_cat","embeddable":true,"href":"https:\/\/qualiquimica.com\/en\/wp-json\/wp\/v2\/product_cat?post=2789"},{"taxonomy":"product_tag","embeddable":true,"href":"https:\/\/qualiquimica.com\/en\/wp-json\/wp\/v2\/product_tag?post=2789"}],"curies":[{"name":"wp","href":"https:\/\/api.w.org\/{rel}","templated":true}]}}