{"id":2790,"date":"2022-03-31T19:57:26","date_gmt":"2022-03-31T19:57:26","guid":{"rendered":"https:\/\/qualiquimica.com\/produto\/aci-60-ml-anticongelante-e-anticorrosivo-p-circ-fechados-60\/"},"modified":"2022-10-19T23:52:06","modified_gmt":"2022-10-19T23:52:06","slug":"aci-60-ml-anticongelante-e-anticorrosivo-p-circ-fechados-60","status":"publish","type":"product","link":"https:\/\/qualiquimica.com\/en\/product\/aci-60-ml-anticongelante-e-anticorrosivo-p-circ-fechados-60\/","title":{"rendered":"ACI 60 ML \u2013 Anticongelante e Anticorrosivo p\/ Circ. Fechados 60%"},"content":{"rendered":"","protected":false},"excerpt":{"rendered":"<p>O ACI 60 ML \u00e9 um produto com excelentes propriedades de transfer\u00eancia t\u00e9rmica, anticorrosivas e anticongelantes. \u00c9 um produto \u00e0 base de monoetilenoglicol formulado com aditivos org\u00e2nicos. Garante prote\u00e7\u00e3o contra a corros\u00e3o em circuitos fechados quer em manuten\u00e7\u00e3o industrial, quer em manuten\u00e7\u00e3o autom\u00f3vel, n\u00e3o atacando qualquer outro tipo de materiais presentes nos motores nas juntas ou tubos de passagem do fluido. Trata-se de um produto de alta absor\u00e7\u00e3o e transporte de calor e evita o aparecimento de dep\u00f3sitos calc\u00e1rios que prejudicam a transmiss\u00e3o t\u00e9rmica. Pode ser usado dilu\u00eddo, mediante o ponto de congela\u00e7\u00e3o que se pretenda obter.<\/p>\n","protected":false},"featured_media":1885,"comment_status":"open","ping_status":"closed","template":"","meta":[],"product_brand":[],"product_cat":[36,53],"product_tag":[],"class_list":{"0":"post-2790","1":"product","2":"type-product","3":"status-publish","4":"has-post-thumbnail","6":"product_cat-linha-profissional","7":"product_cat-manutencao-industrial","9":"first","10":"instock","11":"shipping-taxable","12":"purchasable","13":"product-type-variable"},"_links":{"self":[{"href":"https:\/\/qualiquimica.com\/en\/wp-json\/wp\/v2\/product\/2790"}],"collection":[{"href":"https:\/\/qualiquimica.com\/en\/wp-json\/wp\/v2\/product"}],"about":[{"href":"https:\/\/qualiquimica.com\/en\/wp-json\/wp\/v2\/types\/product"}],"replies":[{"embeddable":true,"href":"https:\/\/qualiquimica.com\/en\/wp-json\/wp\/v2\/comments?post=2790"}],"wp:featuredmedia":[{"embeddable":true,"href":"https:\/\/qualiquimica.com\/en\/wp-json\/wp\/v2\/media\/1885"}],"wp:attachment":[{"href":"https:\/\/qualiquimica.com\/en\/wp-json\/wp\/v2\/media?parent=2790"}],"wp:term":[{"taxonomy":"product_brand","embeddable":true,"href":"https:\/\/qualiquimica.com\/en\/wp-json\/wp\/v2\/product_brand?post=2790"},{"taxonomy":"product_cat","embeddable":true,"href":"https:\/\/qualiquimica.com\/en\/wp-json\/wp\/v2\/product_cat?post=2790"},{"taxonomy":"product_tag","embeddable":true,"href":"https:\/\/qualiquimica.com\/en\/wp-json\/wp\/v2\/product_tag?post=2790"}],"curies":[{"name":"wp","href":"https:\/\/api.w.org\/{rel}","templated":true}]}}