{"id":2792,"date":"2022-03-31T19:57:27","date_gmt":"2022-03-31T19:57:27","guid":{"rendered":"https:\/\/qualiquimica.com\/produto\/fpa-20-anticorrosivo-e-anti-incrustante-p-circuitos-fechados\/"},"modified":"2022-10-19T23:52:07","modified_gmt":"2022-10-19T23:52:07","slug":"fpa-20-anticorrosivo-e-anti-incrustante-p-circuitos-fechados","status":"publish","type":"product","link":"https:\/\/qualiquimica.com\/en\/product\/fpa-20-anticorrosivo-e-anti-incrustante-p-circuitos-fechados\/","title":{"rendered":"FPA-20 \u2013 Anticorrosivo e Anti Incrustante p\/ Circuitos Fechados"},"content":{"rendered":"","protected":false},"excerpt":{"rendered":"<p>O FPA-20 \u00e9 um produto \u00e0 base de anti incrustantes, anti depositantes e dispersantes, formulado para evitar a corros\u00e3o e forma\u00e7\u00e3o de incrusta\u00e7\u00f5es em sistemas fechados, caracterizando-se pela elevada capacidade anti depositante, anticorrosiva e dispersante. O produto est\u00e1 apto para evitar a precipita\u00e7\u00e3o de grande parte dos i\u00f5es presentes na \u00e1gua, mesmo a temperaturas e pH elevados, mantendo os i\u00f5es em solu\u00e7\u00e3o, evitando a sua deposi\u00e7\u00e3o, para al\u00e9m de dissolver materiais oxidados \u00e0s superf\u00edcies dos materiais.<\/p>\n","protected":false},"featured_media":3501,"comment_status":"open","ping_status":"closed","template":"","meta":[],"product_brand":[],"product_cat":[36,53],"product_tag":[],"class_list":{"0":"post-2792","1":"product","2":"type-product","3":"status-publish","4":"has-post-thumbnail","6":"product_cat-linha-profissional","7":"product_cat-manutencao-industrial","9":"first","10":"instock","11":"shipping-taxable","12":"purchasable","13":"product-type-variable"},"_links":{"self":[{"href":"https:\/\/qualiquimica.com\/en\/wp-json\/wp\/v2\/product\/2792"}],"collection":[{"href":"https:\/\/qualiquimica.com\/en\/wp-json\/wp\/v2\/product"}],"about":[{"href":"https:\/\/qualiquimica.com\/en\/wp-json\/wp\/v2\/types\/product"}],"replies":[{"embeddable":true,"href":"https:\/\/qualiquimica.com\/en\/wp-json\/wp\/v2\/comments?post=2792"}],"wp:featuredmedia":[{"embeddable":true,"href":"https:\/\/qualiquimica.com\/en\/wp-json\/wp\/v2\/media\/3501"}],"wp:attachment":[{"href":"https:\/\/qualiquimica.com\/en\/wp-json\/wp\/v2\/media?parent=2792"}],"wp:term":[{"taxonomy":"product_brand","embeddable":true,"href":"https:\/\/qualiquimica.com\/en\/wp-json\/wp\/v2\/product_brand?post=2792"},{"taxonomy":"product_cat","embeddable":true,"href":"https:\/\/qualiquimica.com\/en\/wp-json\/wp\/v2\/product_cat?post=2792"},{"taxonomy":"product_tag","embeddable":true,"href":"https:\/\/qualiquimica.com\/en\/wp-json\/wp\/v2\/product_tag?post=2792"}],"curies":[{"name":"wp","href":"https:\/\/api.w.org\/{rel}","templated":true}]}}