{"id":2796,"date":"2022-03-31T19:57:27","date_gmt":"2022-03-31T19:57:27","guid":{"rendered":"https:\/\/qualiquimica.com\/produto\/gliquali-100\/"},"modified":"2022-10-20T12:20:10","modified_gmt":"2022-10-20T12:20:10","slug":"gliquali-100","status":"publish","type":"product","link":"https:\/\/qualiquimica.com\/en\/product\/gliquali-100\/","title":{"rendered":"GliQuali 100"},"content":{"rendered":"","protected":false},"excerpt":{"rendered":"<p>O GLIQUALI 100 \u00e9 um flu\u00eddo super concentrado de transfer\u00eancia t\u00e9rmica, com propriedades anticongelantes e anticorrosivas, para utiliza\u00e7\u00e3o em circuitos que envolvam transfer\u00eancia de calor em sistemas solares, bombas de calor, aquecimento central, etc. Trata-se de um produto de alta absor\u00e7\u00e3o e transporte de calor e evita o aparecimento de dep\u00f3sitos calc\u00e1rios que prejudicam a transmiss\u00e3o t\u00e9rmica. Deve ser dilu\u00eddo antes de se utilizar.<\/p>\n","protected":false},"featured_media":2278,"comment_status":"open","ping_status":"closed","template":"","meta":[],"product_brand":[],"product_cat":[36,45],"product_tag":[],"class_list":{"0":"post-2796","1":"product","2":"type-product","3":"status-publish","4":"has-post-thumbnail","6":"product_cat-linha-profissional","7":"product_cat-climatizacao","9":"first","10":"instock","11":"shipping-taxable","12":"purchasable","13":"product-type-variable"},"_links":{"self":[{"href":"https:\/\/qualiquimica.com\/en\/wp-json\/wp\/v2\/product\/2796"}],"collection":[{"href":"https:\/\/qualiquimica.com\/en\/wp-json\/wp\/v2\/product"}],"about":[{"href":"https:\/\/qualiquimica.com\/en\/wp-json\/wp\/v2\/types\/product"}],"replies":[{"embeddable":true,"href":"https:\/\/qualiquimica.com\/en\/wp-json\/wp\/v2\/comments?post=2796"}],"wp:featuredmedia":[{"embeddable":true,"href":"https:\/\/qualiquimica.com\/en\/wp-json\/wp\/v2\/media\/2278"}],"wp:attachment":[{"href":"https:\/\/qualiquimica.com\/en\/wp-json\/wp\/v2\/media?parent=2796"}],"wp:term":[{"taxonomy":"product_brand","embeddable":true,"href":"https:\/\/qualiquimica.com\/en\/wp-json\/wp\/v2\/product_brand?post=2796"},{"taxonomy":"product_cat","embeddable":true,"href":"https:\/\/qualiquimica.com\/en\/wp-json\/wp\/v2\/product_cat?post=2796"},{"taxonomy":"product_tag","embeddable":true,"href":"https:\/\/qualiquimica.com\/en\/wp-json\/wp\/v2\/product_tag?post=2796"}],"curies":[{"name":"wp","href":"https:\/\/api.w.org\/{rel}","templated":true}]}}