{"id":2800,"date":"2022-03-31T19:57:27","date_gmt":"2022-03-31T19:57:27","guid":{"rendered":"https:\/\/qualiquimica.com\/produto\/aditivo-pr120\/"},"modified":"2022-10-19T23:52:07","modified_gmt":"2022-10-19T23:52:07","slug":"aditivo-pr120","status":"publish","type":"product","link":"https:\/\/qualiquimica.com\/en\/product\/aditivo-pr120\/","title":{"rendered":"Aditivo PR120"},"content":{"rendered":"","protected":false},"excerpt":{"rendered":"<p>O ADITIVO PR120 \u00e9 um produto super plastificante e hidrofugante para utiliza\u00e7\u00e3o em piso radiante, conferindo as seguintes vantagens: Torna a massa de cimento mais fluida permitindo um envolvimento perfeito entre esta e o tubo evitando as perdas de calor; Proporciona o desaparecimento de bolhas de ar no cimento, tornando a massa mais compacta e d\u00factil evitando desta forma o aparecimento de fissuras; Permite uma secagem mais r\u00e1pida da massa devido a redu\u00e7\u00e3o do teor de \u00e1gua permitindo reduzir o tempo de presa em cerca de 50%.<\/p>\n","protected":false},"featured_media":1339,"comment_status":"open","ping_status":"closed","template":"","meta":[],"product_brand":[],"product_cat":[36,45],"product_tag":[],"class_list":{"0":"post-2800","1":"product","2":"type-product","3":"status-publish","4":"has-post-thumbnail","6":"product_cat-linha-profissional","7":"product_cat-climatizacao","9":"first","10":"instock","11":"shipping-taxable","12":"purchasable","13":"product-type-variable"},"_links":{"self":[{"href":"https:\/\/qualiquimica.com\/en\/wp-json\/wp\/v2\/product\/2800"}],"collection":[{"href":"https:\/\/qualiquimica.com\/en\/wp-json\/wp\/v2\/product"}],"about":[{"href":"https:\/\/qualiquimica.com\/en\/wp-json\/wp\/v2\/types\/product"}],"replies":[{"embeddable":true,"href":"https:\/\/qualiquimica.com\/en\/wp-json\/wp\/v2\/comments?post=2800"}],"wp:featuredmedia":[{"embeddable":true,"href":"https:\/\/qualiquimica.com\/en\/wp-json\/wp\/v2\/media\/1339"}],"wp:attachment":[{"href":"https:\/\/qualiquimica.com\/en\/wp-json\/wp\/v2\/media?parent=2800"}],"wp:term":[{"taxonomy":"product_brand","embeddable":true,"href":"https:\/\/qualiquimica.com\/en\/wp-json\/wp\/v2\/product_brand?post=2800"},{"taxonomy":"product_cat","embeddable":true,"href":"https:\/\/qualiquimica.com\/en\/wp-json\/wp\/v2\/product_cat?post=2800"},{"taxonomy":"product_tag","embeddable":true,"href":"https:\/\/qualiquimica.com\/en\/wp-json\/wp\/v2\/product_tag?post=2800"}],"curies":[{"name":"wp","href":"https:\/\/api.w.org\/{rel}","templated":true}]}}