{"id":2801,"date":"2022-03-31T19:57:27","date_gmt":"2022-03-31T19:57:27","guid":{"rendered":"https:\/\/qualiquimica.com\/produto\/qualipierre-ec80\/"},"modified":"2022-11-21T00:36:42","modified_gmt":"2022-11-21T00:36:42","slug":"qualipierre-ec80","status":"publish","type":"product","link":"https:\/\/qualiquimica.com\/en\/product\/qualipierre-ec80\/","title":{"rendered":"QualiPierre EC80"},"content":{"rendered":"","protected":false},"excerpt":{"rendered":"<p>Produto alcalino concentrado formulado para limpar telha, pedra, fachadas, etc. Remove a sujidade do suporte e elimina manchas de origem org\u00e2nica, fungos, algas, gorduras, l\u00edquenes, entre outros. A f\u00f3rmula do QualiPierre EC80 permite tamb\u00e9m um enxaguamento eficaz, no sentido de evitar a deposi\u00e7\u00e3o dos res\u00edduos na superf\u00edcie.<\/p>\n","protected":false},"featured_media":3725,"comment_status":"open","ping_status":"closed","template":"","meta":[],"product_brand":[],"product_cat":[36,46],"product_tag":[],"class_list":{"0":"post-2801","1":"product","2":"type-product","3":"status-publish","4":"has-post-thumbnail","6":"product_cat-linha-profissional","7":"product_cat-construcao-civil","9":"first","10":"instock","11":"shipping-taxable","12":"purchasable","13":"product-type-variable"},"_links":{"self":[{"href":"https:\/\/qualiquimica.com\/en\/wp-json\/wp\/v2\/product\/2801"}],"collection":[{"href":"https:\/\/qualiquimica.com\/en\/wp-json\/wp\/v2\/product"}],"about":[{"href":"https:\/\/qualiquimica.com\/en\/wp-json\/wp\/v2\/types\/product"}],"replies":[{"embeddable":true,"href":"https:\/\/qualiquimica.com\/en\/wp-json\/wp\/v2\/comments?post=2801"}],"wp:featuredmedia":[{"embeddable":true,"href":"https:\/\/qualiquimica.com\/en\/wp-json\/wp\/v2\/media\/3725"}],"wp:attachment":[{"href":"https:\/\/qualiquimica.com\/en\/wp-json\/wp\/v2\/media?parent=2801"}],"wp:term":[{"taxonomy":"product_brand","embeddable":true,"href":"https:\/\/qualiquimica.com\/en\/wp-json\/wp\/v2\/product_brand?post=2801"},{"taxonomy":"product_cat","embeddable":true,"href":"https:\/\/qualiquimica.com\/en\/wp-json\/wp\/v2\/product_cat?post=2801"},{"taxonomy":"product_tag","embeddable":true,"href":"https:\/\/qualiquimica.com\/en\/wp-json\/wp\/v2\/product_tag?post=2801"}],"curies":[{"name":"wp","href":"https:\/\/api.w.org\/{rel}","templated":true}]}}