{"id":2803,"date":"2022-03-31T19:57:28","date_gmt":"2022-03-31T19:57:28","guid":{"rendered":"https:\/\/qualiquimica.com\/produto\/solucao-anti-fungos\/"},"modified":"2023-01-27T00:29:19","modified_gmt":"2023-01-27T00:29:19","slug":"solucao-anti-fungos","status":"publish","type":"product","link":"https:\/\/qualiquimica.com\/en\/product\/solucao-anti-fungos\/","title":{"rendered":"Solu\u00e7\u00e3o Anti Fungos"},"content":{"rendered":"","protected":false},"excerpt":{"rendered":"<p>Produto l\u00edquido fungicida formulado para desinfe\u00e7\u00e3o de paredes interiores e fachadas contaminadas com fungos, algas, l\u00edquenes, etc, com um largo espetro de atua\u00e7\u00e3o sobre os diferentes tipos de microrganismos.<\/p>\n","protected":false},"featured_media":2089,"comment_status":"open","ping_status":"closed","template":"","meta":[],"product_brand":[],"product_cat":[36,46],"product_tag":[],"class_list":{"0":"post-2803","1":"product","2":"type-product","3":"status-publish","4":"has-post-thumbnail","6":"product_cat-linha-profissional","7":"product_cat-construcao-civil","9":"first","10":"instock","11":"shipping-taxable","12":"purchasable","13":"product-type-variable"},"_links":{"self":[{"href":"https:\/\/qualiquimica.com\/en\/wp-json\/wp\/v2\/product\/2803"}],"collection":[{"href":"https:\/\/qualiquimica.com\/en\/wp-json\/wp\/v2\/product"}],"about":[{"href":"https:\/\/qualiquimica.com\/en\/wp-json\/wp\/v2\/types\/product"}],"replies":[{"embeddable":true,"href":"https:\/\/qualiquimica.com\/en\/wp-json\/wp\/v2\/comments?post=2803"}],"wp:featuredmedia":[{"embeddable":true,"href":"https:\/\/qualiquimica.com\/en\/wp-json\/wp\/v2\/media\/2089"}],"wp:attachment":[{"href":"https:\/\/qualiquimica.com\/en\/wp-json\/wp\/v2\/media?parent=2803"}],"wp:term":[{"taxonomy":"product_brand","embeddable":true,"href":"https:\/\/qualiquimica.com\/en\/wp-json\/wp\/v2\/product_brand?post=2803"},{"taxonomy":"product_cat","embeddable":true,"href":"https:\/\/qualiquimica.com\/en\/wp-json\/wp\/v2\/product_cat?post=2803"},{"taxonomy":"product_tag","embeddable":true,"href":"https:\/\/qualiquimica.com\/en\/wp-json\/wp\/v2\/product_tag?post=2803"}],"curies":[{"name":"wp","href":"https:\/\/api.w.org\/{rel}","templated":true}]}}