{"id":2804,"date":"2022-03-31T19:57:28","date_gmt":"2022-03-31T19:57:28","guid":{"rendered":"https:\/\/qualiquimica.com\/produto\/remosuper-desincrustante-extra-forte-2\/"},"modified":"2022-10-20T00:06:52","modified_gmt":"2022-10-20T00:06:52","slug":"remosuper-desincrustante-extra-forte-2","status":"publish","type":"product","link":"https:\/\/qualiquimica.com\/en\/product\/remosuper-desincrustante-extra-forte-2\/","title":{"rendered":"Remosuper \u2013 Desincrustante Extra Forte"},"content":{"rendered":"","protected":false},"excerpt":{"rendered":"<p>Potente detergente de base \u00e1cida para remo\u00e7\u00e3o de cimentos, incrusta\u00e7\u00f5es, manchas e calc\u00e1rios em tijoleiras, azulejos, pedra, cer\u00e2micos diversos, loi\u00e7as de casa de banho, etc. Possui, igualmente, bom desempenho na remo\u00e7\u00e3o de tinta, oxida\u00e7\u00f5es, manchas, ferrugens em sanit\u00e1rios, etc. Apresenta excelentes resultados como desincrustante de final de obra e como l\u00edquido de limpeza de fachadas, principalmente em materiais cer\u00e2micos e pedra resistente a \u00e1cidos.<\/p>\n","protected":false},"featured_media":3656,"comment_status":"open","ping_status":"closed","template":"","meta":[],"product_brand":[],"product_cat":[36,46],"product_tag":[],"class_list":{"0":"post-2804","1":"product","2":"type-product","3":"status-publish","4":"has-post-thumbnail","6":"product_cat-linha-profissional","7":"product_cat-construcao-civil","9":"first","10":"instock","11":"shipping-taxable","12":"purchasable","13":"product-type-variable"},"_links":{"self":[{"href":"https:\/\/qualiquimica.com\/en\/wp-json\/wp\/v2\/product\/2804"}],"collection":[{"href":"https:\/\/qualiquimica.com\/en\/wp-json\/wp\/v2\/product"}],"about":[{"href":"https:\/\/qualiquimica.com\/en\/wp-json\/wp\/v2\/types\/product"}],"replies":[{"embeddable":true,"href":"https:\/\/qualiquimica.com\/en\/wp-json\/wp\/v2\/comments?post=2804"}],"wp:featuredmedia":[{"embeddable":true,"href":"https:\/\/qualiquimica.com\/en\/wp-json\/wp\/v2\/media\/3656"}],"wp:attachment":[{"href":"https:\/\/qualiquimica.com\/en\/wp-json\/wp\/v2\/media?parent=2804"}],"wp:term":[{"taxonomy":"product_brand","embeddable":true,"href":"https:\/\/qualiquimica.com\/en\/wp-json\/wp\/v2\/product_brand?post=2804"},{"taxonomy":"product_cat","embeddable":true,"href":"https:\/\/qualiquimica.com\/en\/wp-json\/wp\/v2\/product_cat?post=2804"},{"taxonomy":"product_tag","embeddable":true,"href":"https:\/\/qualiquimica.com\/en\/wp-json\/wp\/v2\/product_tag?post=2804"}],"curies":[{"name":"wp","href":"https:\/\/api.w.org\/{rel}","templated":true}]}}