{"id":2808,"date":"2022-03-31T19:57:28","date_gmt":"2022-03-31T19:57:28","guid":{"rendered":"https:\/\/qualiquimica.com\/produto\/hidrofugante-hq90\/"},"modified":"2022-10-19T23:52:08","modified_gmt":"2022-10-19T23:52:08","slug":"hidrofugante-hq90","status":"publish","type":"product","link":"https:\/\/qualiquimica.com\/en\/product\/hidrofugante-hq90\/","title":{"rendered":"Hidrofugante HQ90"},"content":{"rendered":"","protected":false},"excerpt":{"rendered":"<p>Hidrofugante de alta qualidade \u00e0 base de resina de polissiloxanos em base solvente. Para aplica\u00e7\u00e3o sobre superf\u00edcies de pedra natural, cimento, telha, tijoleira n\u00e3o vidrada, tijolo, estuque e outras superf\u00edcies porosas. Perme\u00e1vel ao vapor de \u00e1gua e resistente a fungos, agentes de envelhecimento, alc\u00e1lis, etc. Excelente capacidade de impregna\u00e7\u00e3o e elevada repel\u00eancia \u00e0 \u00e1gua.<\/p>\n","protected":false},"featured_media":3639,"comment_status":"open","ping_status":"closed","template":"","meta":[],"product_brand":[],"product_cat":[36,46],"product_tag":[],"class_list":{"0":"post-2808","1":"product","2":"type-product","3":"status-publish","4":"has-post-thumbnail","6":"product_cat-linha-profissional","7":"product_cat-construcao-civil","9":"first","10":"instock","11":"shipping-taxable","12":"purchasable","13":"product-type-variable"},"_links":{"self":[{"href":"https:\/\/qualiquimica.com\/en\/wp-json\/wp\/v2\/product\/2808"}],"collection":[{"href":"https:\/\/qualiquimica.com\/en\/wp-json\/wp\/v2\/product"}],"about":[{"href":"https:\/\/qualiquimica.com\/en\/wp-json\/wp\/v2\/types\/product"}],"replies":[{"embeddable":true,"href":"https:\/\/qualiquimica.com\/en\/wp-json\/wp\/v2\/comments?post=2808"}],"wp:featuredmedia":[{"embeddable":true,"href":"https:\/\/qualiquimica.com\/en\/wp-json\/wp\/v2\/media\/3639"}],"wp:attachment":[{"href":"https:\/\/qualiquimica.com\/en\/wp-json\/wp\/v2\/media?parent=2808"}],"wp:term":[{"taxonomy":"product_brand","embeddable":true,"href":"https:\/\/qualiquimica.com\/en\/wp-json\/wp\/v2\/product_brand?post=2808"},{"taxonomy":"product_cat","embeddable":true,"href":"https:\/\/qualiquimica.com\/en\/wp-json\/wp\/v2\/product_cat?post=2808"},{"taxonomy":"product_tag","embeddable":true,"href":"https:\/\/qualiquimica.com\/en\/wp-json\/wp\/v2\/product_tag?post=2808"}],"curies":[{"name":"wp","href":"https:\/\/api.w.org\/{rel}","templated":true}]}}