{"id":2813,"date":"2022-03-31T19:57:31","date_gmt":"2022-03-31T19:57:31","guid":{"rendered":"https:\/\/qualiquimica.com\/produto\/lava-tudo-montanha-2\/"},"modified":"2022-10-19T23:52:11","modified_gmt":"2022-10-19T23:52:11","slug":"lava-tudo-montanha-2","status":"publish","type":"product","link":"https:\/\/qualiquimica.com\/en\/product\/lava-tudo-montanha-2\/","title":{"rendered":"Lava Tudo Montanha"},"content":{"rendered":"","protected":false},"excerpt":{"rendered":"<p>Detergente\u00a0l\u00edquido perfumado para usos gerais\u00a0como\u00a0lavagens e desodoriza\u00e7\u00e3o de pavimentos, bancadas e WC. Cont\u00e9m perfume Montanha.<\/p>\n","protected":false},"featured_media":1765,"comment_status":"open","ping_status":"closed","template":"","meta":[],"product_brand":[],"product_cat":[37,43],"product_tag":[],"class_list":{"0":"post-2813","1":"product","2":"type-product","3":"status-publish","4":"has-post-thumbnail","6":"product_cat-linha-domestica","7":"product_cat-usos-gerais","9":"first","10":"instock","11":"shipping-taxable","12":"purchasable","13":"product-type-variable"},"_links":{"self":[{"href":"https:\/\/qualiquimica.com\/en\/wp-json\/wp\/v2\/product\/2813"}],"collection":[{"href":"https:\/\/qualiquimica.com\/en\/wp-json\/wp\/v2\/product"}],"about":[{"href":"https:\/\/qualiquimica.com\/en\/wp-json\/wp\/v2\/types\/product"}],"replies":[{"embeddable":true,"href":"https:\/\/qualiquimica.com\/en\/wp-json\/wp\/v2\/comments?post=2813"}],"wp:featuredmedia":[{"embeddable":true,"href":"https:\/\/qualiquimica.com\/en\/wp-json\/wp\/v2\/media\/1765"}],"wp:attachment":[{"href":"https:\/\/qualiquimica.com\/en\/wp-json\/wp\/v2\/media?parent=2813"}],"wp:term":[{"taxonomy":"product_brand","embeddable":true,"href":"https:\/\/qualiquimica.com\/en\/wp-json\/wp\/v2\/product_brand?post=2813"},{"taxonomy":"product_cat","embeddable":true,"href":"https:\/\/qualiquimica.com\/en\/wp-json\/wp\/v2\/product_cat?post=2813"},{"taxonomy":"product_tag","embeddable":true,"href":"https:\/\/qualiquimica.com\/en\/wp-json\/wp\/v2\/product_tag?post=2813"}],"curies":[{"name":"wp","href":"https:\/\/api.w.org\/{rel}","templated":true}]}}