{"id":2814,"date":"2022-03-31T19:57:32","date_gmt":"2022-03-31T19:57:32","guid":{"rendered":"https:\/\/qualiquimica.com\/produto\/lava-madeiras-perfumado-2\/"},"modified":"2022-10-19T23:52:11","modified_gmt":"2022-10-19T23:52:11","slug":"lava-madeiras-perfumado-2","status":"publish","type":"product","link":"https:\/\/qualiquimica.com\/en\/product\/lava-madeiras-perfumado-2\/","title":{"rendered":"Lava Madeiras Perfumado"},"content":{"rendered":"","protected":false},"excerpt":{"rendered":"<p>Detergente perfumado pr\u00f3prio para aplica\u00e7\u00e3o em pavimentos (parquet, soalho, etc.) e revestimentos em madeira tratada, m\u00f3veis e outros materiais delicados resistentes \u00e0 \u00e1gua. Cont\u00e9m sab\u00e3o. Produto neutro.<\/p>\n","protected":false},"featured_media":1768,"comment_status":"open","ping_status":"closed","template":"","meta":[],"product_brand":[],"product_cat":[37,43],"product_tag":[],"class_list":{"0":"post-2814","1":"product","2":"type-product","3":"status-publish","4":"has-post-thumbnail","6":"product_cat-linha-domestica","7":"product_cat-usos-gerais","9":"first","10":"instock","11":"shipping-taxable","12":"purchasable","13":"product-type-variable"},"_links":{"self":[{"href":"https:\/\/qualiquimica.com\/en\/wp-json\/wp\/v2\/product\/2814"}],"collection":[{"href":"https:\/\/qualiquimica.com\/en\/wp-json\/wp\/v2\/product"}],"about":[{"href":"https:\/\/qualiquimica.com\/en\/wp-json\/wp\/v2\/types\/product"}],"replies":[{"embeddable":true,"href":"https:\/\/qualiquimica.com\/en\/wp-json\/wp\/v2\/comments?post=2814"}],"wp:featuredmedia":[{"embeddable":true,"href":"https:\/\/qualiquimica.com\/en\/wp-json\/wp\/v2\/media\/1768"}],"wp:attachment":[{"href":"https:\/\/qualiquimica.com\/en\/wp-json\/wp\/v2\/media?parent=2814"}],"wp:term":[{"taxonomy":"product_brand","embeddable":true,"href":"https:\/\/qualiquimica.com\/en\/wp-json\/wp\/v2\/product_brand?post=2814"},{"taxonomy":"product_cat","embeddable":true,"href":"https:\/\/qualiquimica.com\/en\/wp-json\/wp\/v2\/product_cat?post=2814"},{"taxonomy":"product_tag","embeddable":true,"href":"https:\/\/qualiquimica.com\/en\/wp-json\/wp\/v2\/product_tag?post=2814"}],"curies":[{"name":"wp","href":"https:\/\/api.w.org\/{rel}","templated":true}]}}