{"id":2815,"date":"2022-03-31T19:57:32","date_gmt":"2022-03-31T19:57:32","guid":{"rendered":"https:\/\/qualiquimica.com\/produto\/lava-tudo-multisuperficies\/"},"modified":"2022-10-19T23:52:11","modified_gmt":"2022-10-19T23:52:11","slug":"lava-tudo-multisuperficies","status":"publish","type":"product","link":"https:\/\/qualiquimica.com\/en\/product\/lava-tudo-multisuperficies\/","title":{"rendered":"Lava Tudo Multisuperf\u00edcies"},"content":{"rendered":"","protected":false},"excerpt":{"rendered":"<p>Detergente perfumado pr\u00f3prio para aplica\u00e7\u00e3o em diversos tipos pavimentos, nomeadamente lin\u00f3leos, vin\u00edlicos, soalho, parquet, cer\u00e2micos, entre outros materiais delicados resistentes \u00e0 \u00e1gua. O Lava Tudo Multisuperf\u00edcies est\u00e1 formulado com mat\u00e9rias primas de \u00faltima gera\u00e7\u00e3o, permitindo uma limpeza perfeita, sem manchas e secagem mais r\u00e1pida do que com os produtos convencionais.<\/p>\n","protected":false},"featured_media":1771,"comment_status":"open","ping_status":"closed","template":"","meta":[],"product_brand":[],"product_cat":[37,43],"product_tag":[],"class_list":{"0":"post-2815","1":"product","2":"type-product","3":"status-publish","4":"has-post-thumbnail","6":"product_cat-linha-domestica","7":"product_cat-usos-gerais","9":"first","10":"instock","11":"shipping-taxable","12":"purchasable","13":"product-type-variable"},"_links":{"self":[{"href":"https:\/\/qualiquimica.com\/en\/wp-json\/wp\/v2\/product\/2815"}],"collection":[{"href":"https:\/\/qualiquimica.com\/en\/wp-json\/wp\/v2\/product"}],"about":[{"href":"https:\/\/qualiquimica.com\/en\/wp-json\/wp\/v2\/types\/product"}],"replies":[{"embeddable":true,"href":"https:\/\/qualiquimica.com\/en\/wp-json\/wp\/v2\/comments?post=2815"}],"wp:featuredmedia":[{"embeddable":true,"href":"https:\/\/qualiquimica.com\/en\/wp-json\/wp\/v2\/media\/1771"}],"wp:attachment":[{"href":"https:\/\/qualiquimica.com\/en\/wp-json\/wp\/v2\/media?parent=2815"}],"wp:term":[{"taxonomy":"product_brand","embeddable":true,"href":"https:\/\/qualiquimica.com\/en\/wp-json\/wp\/v2\/product_brand?post=2815"},{"taxonomy":"product_cat","embeddable":true,"href":"https:\/\/qualiquimica.com\/en\/wp-json\/wp\/v2\/product_cat?post=2815"},{"taxonomy":"product_tag","embeddable":true,"href":"https:\/\/qualiquimica.com\/en\/wp-json\/wp\/v2\/product_tag?post=2815"}],"curies":[{"name":"wp","href":"https:\/\/api.w.org\/{rel}","templated":true}]}}