{"id":2819,"date":"2022-03-31T19:57:32","date_gmt":"2022-03-31T19:57:32","guid":{"rendered":"https:\/\/qualiquimica.com\/produto\/amaciador-concentrado-fresh-sensation\/"},"modified":"2022-10-19T23:52:11","modified_gmt":"2022-10-19T23:52:11","slug":"amaciador-concentrado-fresh-sensation","status":"publish","type":"product","link":"https:\/\/qualiquimica.com\/en\/product\/amaciador-concentrado-fresh-sensation\/","title":{"rendered":"Amaciador Concentrado Fresh Sensation"},"content":{"rendered":"","protected":false},"excerpt":{"rendered":"<p>Amaciador t\u00eaxtil concentrado perfumado. Suaviza e cuida as fibras nos processos de lavagem. Cont\u00e9m perfume de tecnologia microc\u00e1psulas e fragr\u00e2ncia fresh sensation para maior dura\u00e7\u00e3o do efeito perfumado. Formulado para uso dom\u00e9stico, profissional e industrial.<\/p>\n","protected":false},"featured_media":1567,"comment_status":"open","ping_status":"closed","template":"","meta":[],"product_brand":[],"product_cat":[37,43],"product_tag":[],"class_list":{"0":"post-2819","1":"product","2":"type-product","3":"status-publish","4":"has-post-thumbnail","6":"product_cat-linha-domestica","7":"product_cat-usos-gerais","9":"first","10":"instock","11":"shipping-taxable","12":"purchasable","13":"product-type-variable"},"_links":{"self":[{"href":"https:\/\/qualiquimica.com\/en\/wp-json\/wp\/v2\/product\/2819"}],"collection":[{"href":"https:\/\/qualiquimica.com\/en\/wp-json\/wp\/v2\/product"}],"about":[{"href":"https:\/\/qualiquimica.com\/en\/wp-json\/wp\/v2\/types\/product"}],"replies":[{"embeddable":true,"href":"https:\/\/qualiquimica.com\/en\/wp-json\/wp\/v2\/comments?post=2819"}],"wp:featuredmedia":[{"embeddable":true,"href":"https:\/\/qualiquimica.com\/en\/wp-json\/wp\/v2\/media\/1567"}],"wp:attachment":[{"href":"https:\/\/qualiquimica.com\/en\/wp-json\/wp\/v2\/media?parent=2819"}],"wp:term":[{"taxonomy":"product_brand","embeddable":true,"href":"https:\/\/qualiquimica.com\/en\/wp-json\/wp\/v2\/product_brand?post=2819"},{"taxonomy":"product_cat","embeddable":true,"href":"https:\/\/qualiquimica.com\/en\/wp-json\/wp\/v2\/product_cat?post=2819"},{"taxonomy":"product_tag","embeddable":true,"href":"https:\/\/qualiquimica.com\/en\/wp-json\/wp\/v2\/product_tag?post=2819"}],"curies":[{"name":"wp","href":"https:\/\/api.w.org\/{rel}","templated":true}]}}