{"id":2825,"date":"2022-03-31T19:57:33","date_gmt":"2022-03-31T19:57:33","guid":{"rendered":"https:\/\/qualiquimica.com\/produto\/lava-loica-ultra-concentrado\/"},"modified":"2022-10-19T23:52:12","modified_gmt":"2022-10-19T23:52:12","slug":"lava-loica-ultra-concentrado","status":"publish","type":"product","link":"https:\/\/qualiquimica.com\/en\/product\/lava-loica-ultra-concentrado\/","title":{"rendered":"Lava Loi\u00e7a Ultra Concentrado"},"content":{"rendered":"","protected":false},"excerpt":{"rendered":"<p>Detergente l\u00edquido ultra concentrado indicado para lavagem manual de loi\u00e7as. Produto de alta qualidade. Remove eficazmente a sujidade de alimentos limpando a fundo os pratos, copos, talheres, panelas, etc. O produto caracteriza-se por alto rendimento, boa capacidade de forma\u00e7\u00e3o de espuma e excelente capacidade de desengorduramento.<\/p>\n","protected":false},"featured_media":1789,"comment_status":"open","ping_status":"closed","template":"","meta":[],"product_brand":[],"product_cat":[37,43],"product_tag":[],"class_list":{"0":"post-2825","1":"product","2":"type-product","3":"status-publish","4":"has-post-thumbnail","6":"product_cat-linha-domestica","7":"product_cat-usos-gerais","9":"first","10":"instock","11":"shipping-taxable","12":"purchasable","13":"product-type-variable"},"_links":{"self":[{"href":"https:\/\/qualiquimica.com\/en\/wp-json\/wp\/v2\/product\/2825"}],"collection":[{"href":"https:\/\/qualiquimica.com\/en\/wp-json\/wp\/v2\/product"}],"about":[{"href":"https:\/\/qualiquimica.com\/en\/wp-json\/wp\/v2\/types\/product"}],"replies":[{"embeddable":true,"href":"https:\/\/qualiquimica.com\/en\/wp-json\/wp\/v2\/comments?post=2825"}],"wp:featuredmedia":[{"embeddable":true,"href":"https:\/\/qualiquimica.com\/en\/wp-json\/wp\/v2\/media\/1789"}],"wp:attachment":[{"href":"https:\/\/qualiquimica.com\/en\/wp-json\/wp\/v2\/media?parent=2825"}],"wp:term":[{"taxonomy":"product_brand","embeddable":true,"href":"https:\/\/qualiquimica.com\/en\/wp-json\/wp\/v2\/product_brand?post=2825"},{"taxonomy":"product_cat","embeddable":true,"href":"https:\/\/qualiquimica.com\/en\/wp-json\/wp\/v2\/product_cat?post=2825"},{"taxonomy":"product_tag","embeddable":true,"href":"https:\/\/qualiquimica.com\/en\/wp-json\/wp\/v2\/product_tag?post=2825"}],"curies":[{"name":"wp","href":"https:\/\/api.w.org\/{rel}","templated":true}]}}