{"id":2826,"date":"2022-03-31T19:57:33","date_gmt":"2022-03-31T19:57:33","guid":{"rendered":"https:\/\/qualiquimica.com\/produto\/detergente-loica-maquina-em-gel\/"},"modified":"2022-10-19T23:52:12","modified_gmt":"2022-10-19T23:52:12","slug":"detergente-loica-maquina-em-gel","status":"publish","type":"product","link":"https:\/\/qualiquimica.com\/en\/product\/detergente-loica-maquina-em-gel\/","title":{"rendered":"Detergente Loi\u00e7a M\u00e1quina em Gel"},"content":{"rendered":"","protected":false},"excerpt":{"rendered":"<p>Detergente em gel para lavagem \u00e0 m\u00e1quina de loi\u00e7a e talheres. Produto de elevada concentra\u00e7\u00e3o que permite uma limpeza e desengorduramento eficazes. Uso em m\u00e1quinas dom\u00e9sticas.<\/p>\n","protected":false},"featured_media":1798,"comment_status":"open","ping_status":"closed","template":"","meta":[],"product_brand":[],"product_cat":[37,43],"product_tag":[],"class_list":{"0":"post-2826","1":"product","2":"type-product","3":"status-publish","4":"has-post-thumbnail","6":"product_cat-linha-domestica","7":"product_cat-usos-gerais","9":"first","10":"instock","11":"shipping-taxable","12":"purchasable","13":"product-type-variable"},"_links":{"self":[{"href":"https:\/\/qualiquimica.com\/en\/wp-json\/wp\/v2\/product\/2826"}],"collection":[{"href":"https:\/\/qualiquimica.com\/en\/wp-json\/wp\/v2\/product"}],"about":[{"href":"https:\/\/qualiquimica.com\/en\/wp-json\/wp\/v2\/types\/product"}],"replies":[{"embeddable":true,"href":"https:\/\/qualiquimica.com\/en\/wp-json\/wp\/v2\/comments?post=2826"}],"wp:featuredmedia":[{"embeddable":true,"href":"https:\/\/qualiquimica.com\/en\/wp-json\/wp\/v2\/media\/1798"}],"wp:attachment":[{"href":"https:\/\/qualiquimica.com\/en\/wp-json\/wp\/v2\/media?parent=2826"}],"wp:term":[{"taxonomy":"product_brand","embeddable":true,"href":"https:\/\/qualiquimica.com\/en\/wp-json\/wp\/v2\/product_brand?post=2826"},{"taxonomy":"product_cat","embeddable":true,"href":"https:\/\/qualiquimica.com\/en\/wp-json\/wp\/v2\/product_cat?post=2826"},{"taxonomy":"product_tag","embeddable":true,"href":"https:\/\/qualiquimica.com\/en\/wp-json\/wp\/v2\/product_tag?post=2826"}],"curies":[{"name":"wp","href":"https:\/\/api.w.org\/{rel}","templated":true}]}}