{"id":2827,"date":"2022-03-31T19:57:33","date_gmt":"2022-03-31T19:57:33","guid":{"rendered":"https:\/\/qualiquimica.com\/produto\/secante-e-abrilhantador-de-loica-4-em-1\/"},"modified":"2022-10-19T23:52:12","modified_gmt":"2022-10-19T23:52:12","slug":"secante-e-abrilhantador-de-loica-4-em-1","status":"publish","type":"product","link":"https:\/\/qualiquimica.com\/en\/product\/secante-e-abrilhantador-de-loica-4-em-1\/","title":{"rendered":"Secante e Abrilhantador de Loi\u00e7a 4 em 1"},"content":{"rendered":"","protected":false},"excerpt":{"rendered":"<p>Secante e abrilhantador para uso em m\u00e1quina de lavar loi\u00e7a. Permite uma r\u00e1pida secagem sem deixar vest\u00edgios de manchas, abrilhanta a loi\u00e7a, efetua o controle de espuma na m\u00e1quina e previne o aparecimento de calc\u00e1rio.<\/p>\n","protected":false},"featured_media":1801,"comment_status":"open","ping_status":"closed","template":"","meta":[],"product_brand":[],"product_cat":[37,43],"product_tag":[],"class_list":{"0":"post-2827","1":"product","2":"type-product","3":"status-publish","4":"has-post-thumbnail","6":"product_cat-linha-domestica","7":"product_cat-usos-gerais","9":"first","10":"instock","11":"shipping-taxable","12":"purchasable","13":"product-type-variable"},"_links":{"self":[{"href":"https:\/\/qualiquimica.com\/en\/wp-json\/wp\/v2\/product\/2827"}],"collection":[{"href":"https:\/\/qualiquimica.com\/en\/wp-json\/wp\/v2\/product"}],"about":[{"href":"https:\/\/qualiquimica.com\/en\/wp-json\/wp\/v2\/types\/product"}],"replies":[{"embeddable":true,"href":"https:\/\/qualiquimica.com\/en\/wp-json\/wp\/v2\/comments?post=2827"}],"wp:featuredmedia":[{"embeddable":true,"href":"https:\/\/qualiquimica.com\/en\/wp-json\/wp\/v2\/media\/1801"}],"wp:attachment":[{"href":"https:\/\/qualiquimica.com\/en\/wp-json\/wp\/v2\/media?parent=2827"}],"wp:term":[{"taxonomy":"product_brand","embeddable":true,"href":"https:\/\/qualiquimica.com\/en\/wp-json\/wp\/v2\/product_brand?post=2827"},{"taxonomy":"product_cat","embeddable":true,"href":"https:\/\/qualiquimica.com\/en\/wp-json\/wp\/v2\/product_cat?post=2827"},{"taxonomy":"product_tag","embeddable":true,"href":"https:\/\/qualiquimica.com\/en\/wp-json\/wp\/v2\/product_tag?post=2827"}],"curies":[{"name":"wp","href":"https:\/\/api.w.org\/{rel}","templated":true}]}}