{"id":2831,"date":"2022-03-31T19:57:33","date_gmt":"2022-03-31T19:57:33","guid":{"rendered":"https:\/\/qualiquimica.com\/produto\/limpa-moveis-protecao-total-antiestatico\/"},"modified":"2022-10-19T23:52:12","modified_gmt":"2022-10-19T23:52:12","slug":"limpa-moveis-protecao-total-antiestatico","status":"publish","type":"product","link":"https:\/\/qualiquimica.com\/en\/product\/limpa-moveis-protecao-total-antiestatico\/","title":{"rendered":"Limpa M\u00f3veis Prote\u00e7\u00e3o Total Antiest\u00e1tico"},"content":{"rendered":"","protected":false},"excerpt":{"rendered":"<p>Produto especialmente formulado para limpar e proteger madeiras envernizadas, lacadas, m\u00f3veis e antiguidades. Deixa uma pelicula protetora com efeito anti est\u00e1tico que permite uma limpeza mais duradoura, retardando a acumula\u00e7\u00e3o de p\u00f3. Permite uma f\u00e1cil aplica\u00e7\u00e3o, possui uma secagem r\u00e1pida e uma elevada capacidade de remo\u00e7\u00e3o de manchas, p\u00f3 e dedadas.<\/p>\n","protected":false},"featured_media":3641,"comment_status":"open","ping_status":"closed","template":"","meta":[],"product_brand":[],"product_cat":[37,43],"product_tag":[],"class_list":{"0":"post-2831","1":"product","2":"type-product","3":"status-publish","4":"has-post-thumbnail","6":"product_cat-linha-domestica","7":"product_cat-usos-gerais","9":"first","10":"instock","11":"shipping-taxable","12":"purchasable","13":"product-type-variable"},"_links":{"self":[{"href":"https:\/\/qualiquimica.com\/en\/wp-json\/wp\/v2\/product\/2831"}],"collection":[{"href":"https:\/\/qualiquimica.com\/en\/wp-json\/wp\/v2\/product"}],"about":[{"href":"https:\/\/qualiquimica.com\/en\/wp-json\/wp\/v2\/types\/product"}],"replies":[{"embeddable":true,"href":"https:\/\/qualiquimica.com\/en\/wp-json\/wp\/v2\/comments?post=2831"}],"wp:featuredmedia":[{"embeddable":true,"href":"https:\/\/qualiquimica.com\/en\/wp-json\/wp\/v2\/media\/3641"}],"wp:attachment":[{"href":"https:\/\/qualiquimica.com\/en\/wp-json\/wp\/v2\/media?parent=2831"}],"wp:term":[{"taxonomy":"product_brand","embeddable":true,"href":"https:\/\/qualiquimica.com\/en\/wp-json\/wp\/v2\/product_brand?post=2831"},{"taxonomy":"product_cat","embeddable":true,"href":"https:\/\/qualiquimica.com\/en\/wp-json\/wp\/v2\/product_cat?post=2831"},{"taxonomy":"product_tag","embeddable":true,"href":"https:\/\/qualiquimica.com\/en\/wp-json\/wp\/v2\/product_tag?post=2831"}],"curies":[{"name":"wp","href":"https:\/\/api.w.org\/{rel}","templated":true}]}}