{"id":2832,"date":"2022-03-31T19:57:33","date_gmt":"2022-03-31T19:57:33","guid":{"rendered":"https:\/\/qualiquimica.com\/produto\/desentupidor-de-canos-2\/"},"modified":"2022-10-19T23:52:12","modified_gmt":"2022-10-19T23:52:12","slug":"desentupidor-de-canos-2","status":"publish","type":"product","link":"https:\/\/qualiquimica.com\/en\/product\/desentupidor-de-canos-2\/","title":{"rendered":"Desentupidor de Canos"},"content":{"rendered":"","protected":false},"excerpt":{"rendered":"<p>Produto fortemente alcalino indicado para a remo\u00e7\u00e3o de todo o tipo de res\u00edduos org\u00e2nicos em canaliza\u00e7\u00f5es, tais como, gordura ou restos de comida em tubagens. Tratando-se de um produto l\u00edquido \u00e9 mais vers\u00e1til e tem um poder de penetra\u00e7\u00e3o superior. N\u00e3o \u00e9 aconselhado para tubagens em alum\u00ednio.<\/p>\n","protected":false},"featured_media":1830,"comment_status":"open","ping_status":"closed","template":"","meta":[],"product_brand":[],"product_cat":[37,43],"product_tag":[],"class_list":{"0":"post-2832","1":"product","2":"type-product","3":"status-publish","4":"has-post-thumbnail","6":"product_cat-linha-domestica","7":"product_cat-usos-gerais","9":"first","10":"instock","11":"shipping-taxable","12":"purchasable","13":"product-type-variable"},"_links":{"self":[{"href":"https:\/\/qualiquimica.com\/en\/wp-json\/wp\/v2\/product\/2832"}],"collection":[{"href":"https:\/\/qualiquimica.com\/en\/wp-json\/wp\/v2\/product"}],"about":[{"href":"https:\/\/qualiquimica.com\/en\/wp-json\/wp\/v2\/types\/product"}],"replies":[{"embeddable":true,"href":"https:\/\/qualiquimica.com\/en\/wp-json\/wp\/v2\/comments?post=2832"}],"wp:featuredmedia":[{"embeddable":true,"href":"https:\/\/qualiquimica.com\/en\/wp-json\/wp\/v2\/media\/1830"}],"wp:attachment":[{"href":"https:\/\/qualiquimica.com\/en\/wp-json\/wp\/v2\/media?parent=2832"}],"wp:term":[{"taxonomy":"product_brand","embeddable":true,"href":"https:\/\/qualiquimica.com\/en\/wp-json\/wp\/v2\/product_brand?post=2832"},{"taxonomy":"product_cat","embeddable":true,"href":"https:\/\/qualiquimica.com\/en\/wp-json\/wp\/v2\/product_cat?post=2832"},{"taxonomy":"product_tag","embeddable":true,"href":"https:\/\/qualiquimica.com\/en\/wp-json\/wp\/v2\/product_tag?post=2832"}],"curies":[{"name":"wp","href":"https:\/\/api.w.org\/{rel}","templated":true}]}}