{"id":2833,"date":"2022-03-31T19:57:34","date_gmt":"2022-03-31T19:57:34","guid":{"rendered":"https:\/\/qualiquimica.com\/produto\/limpa-vidros-recuperadores-de-calor-2\/"},"modified":"2022-10-19T23:52:12","modified_gmt":"2022-10-19T23:52:12","slug":"limpa-vidros-recuperadores-de-calor-2","status":"publish","type":"product","link":"https:\/\/qualiquimica.com\/en\/product\/limpa-vidros-recuperadores-de-calor-2\/","title":{"rendered":"Limpa Vidros Recuperadores de Calor"},"content":{"rendered":"","protected":false},"excerpt":{"rendered":"<p>Potente desengordurante e desincrustante concentrado para limpeza de vidros de recuperadores de calor. A sua f\u00f3rmula permite secagem r\u00e1pida e elevada efici\u00eancia na remo\u00e7\u00e3o de manchas. Dada a sua versatilidade poder\u00e1 ser usado noutros tipos de desengorduramentos.<\/p>\n","protected":false},"featured_media":3473,"comment_status":"open","ping_status":"closed","template":"","meta":[],"product_brand":[],"product_cat":[37,43],"product_tag":[],"class_list":{"0":"post-2833","1":"product","2":"type-product","3":"status-publish","4":"has-post-thumbnail","6":"product_cat-linha-domestica","7":"product_cat-usos-gerais","9":"first","10":"instock","11":"shipping-taxable","12":"purchasable","13":"product-type-variable"},"_links":{"self":[{"href":"https:\/\/qualiquimica.com\/en\/wp-json\/wp\/v2\/product\/2833"}],"collection":[{"href":"https:\/\/qualiquimica.com\/en\/wp-json\/wp\/v2\/product"}],"about":[{"href":"https:\/\/qualiquimica.com\/en\/wp-json\/wp\/v2\/types\/product"}],"replies":[{"embeddable":true,"href":"https:\/\/qualiquimica.com\/en\/wp-json\/wp\/v2\/comments?post=2833"}],"wp:featuredmedia":[{"embeddable":true,"href":"https:\/\/qualiquimica.com\/en\/wp-json\/wp\/v2\/media\/3473"}],"wp:attachment":[{"href":"https:\/\/qualiquimica.com\/en\/wp-json\/wp\/v2\/media?parent=2833"}],"wp:term":[{"taxonomy":"product_brand","embeddable":true,"href":"https:\/\/qualiquimica.com\/en\/wp-json\/wp\/v2\/product_brand?post=2833"},{"taxonomy":"product_cat","embeddable":true,"href":"https:\/\/qualiquimica.com\/en\/wp-json\/wp\/v2\/product_cat?post=2833"},{"taxonomy":"product_tag","embeddable":true,"href":"https:\/\/qualiquimica.com\/en\/wp-json\/wp\/v2\/product_tag?post=2833"}],"curies":[{"name":"wp","href":"https:\/\/api.w.org\/{rel}","templated":true}]}}