{"id":2836,"date":"2022-03-31T19:57:34","date_gmt":"2022-03-31T19:57:34","guid":{"rendered":"https:\/\/qualiquimica.com\/produto\/champo-auto-com-cera-2\/"},"modified":"2022-11-29T23:26:01","modified_gmt":"2022-11-29T23:26:01","slug":"champo-auto-com-cera-2","status":"publish","type":"product","link":"https:\/\/qualiquimica.com\/en\/product\/champo-auto-com-cera-2\/","title":{"rendered":"Champ\u00f4 Auto com Cera"},"content":{"rendered":"","protected":false},"excerpt":{"rendered":"<p>O Champ\u00f4 Auto Com Cera \u00e9 indicado para lavagem manual de autom\u00f3veis. Possui bom poder de remo\u00e7\u00e3o de sujidade, sendo um produto concentrado adequado para lavagem manual de todo o tipo de viaturas e motorizadas. N\u00e3o ataca a pintura, borracha e pl\u00e1sticos. Deixa uma pel\u00edcula hidrofugante e anti est\u00e1tica na superf\u00edcie da viatura, real\u00e7ando o brilho da mesma.<\/p>\n","protected":false},"featured_media":1807,"comment_status":"open","ping_status":"closed","template":"","meta":[],"product_brand":[],"product_cat":[37,40],"product_tag":[],"class_list":{"0":"post-2836","1":"product","2":"type-product","3":"status-publish","4":"has-post-thumbnail","6":"product_cat-linha-domestica","7":"product_cat-auto","9":"first","10":"instock","11":"shipping-taxable","12":"purchasable","13":"product-type-variable"},"_links":{"self":[{"href":"https:\/\/qualiquimica.com\/en\/wp-json\/wp\/v2\/product\/2836"}],"collection":[{"href":"https:\/\/qualiquimica.com\/en\/wp-json\/wp\/v2\/product"}],"about":[{"href":"https:\/\/qualiquimica.com\/en\/wp-json\/wp\/v2\/types\/product"}],"replies":[{"embeddable":true,"href":"https:\/\/qualiquimica.com\/en\/wp-json\/wp\/v2\/comments?post=2836"}],"wp:featuredmedia":[{"embeddable":true,"href":"https:\/\/qualiquimica.com\/en\/wp-json\/wp\/v2\/media\/1807"}],"wp:attachment":[{"href":"https:\/\/qualiquimica.com\/en\/wp-json\/wp\/v2\/media?parent=2836"}],"wp:term":[{"taxonomy":"product_brand","embeddable":true,"href":"https:\/\/qualiquimica.com\/en\/wp-json\/wp\/v2\/product_brand?post=2836"},{"taxonomy":"product_cat","embeddable":true,"href":"https:\/\/qualiquimica.com\/en\/wp-json\/wp\/v2\/product_cat?post=2836"},{"taxonomy":"product_tag","embeddable":true,"href":"https:\/\/qualiquimica.com\/en\/wp-json\/wp\/v2\/product_tag?post=2836"}],"curies":[{"name":"wp","href":"https:\/\/api.w.org\/{rel}","templated":true}]}}