{"id":2840,"date":"2022-03-31T19:57:39","date_gmt":"2022-03-31T19:57:39","guid":{"rendered":"https:\/\/qualiquimica.com\/produto\/limpa-estofos-c-pulverizador\/"},"modified":"2022-10-19T23:52:15","modified_gmt":"2022-10-19T23:52:15","slug":"limpa-estofos-c-pulverizador","status":"publish","type":"product","link":"https:\/\/qualiquimica.com\/en\/product\/limpa-estofos-c-pulverizador\/","title":{"rendered":"Limpa Estofos c\/ Pulverizador"},"content":{"rendered":"","protected":false},"excerpt":{"rendered":"<p>Detergente para limpeza de estofos, tape\u00e7arias e alcatifas. Apto para aplica\u00e7\u00e3o direta, permitindo uma limpeza eficaz sem agressividade para os tecidos.<\/p>\n","protected":false},"featured_media":1813,"comment_status":"open","ping_status":"closed","template":"","meta":[],"product_brand":[],"product_cat":[37,40],"product_tag":[],"class_list":{"0":"post-2840","1":"product","2":"type-product","3":"status-publish","4":"has-post-thumbnail","6":"product_cat-linha-domestica","7":"product_cat-auto","9":"first","10":"instock","11":"shipping-taxable","12":"purchasable","13":"product-type-variable"},"_links":{"self":[{"href":"https:\/\/qualiquimica.com\/en\/wp-json\/wp\/v2\/product\/2840"}],"collection":[{"href":"https:\/\/qualiquimica.com\/en\/wp-json\/wp\/v2\/product"}],"about":[{"href":"https:\/\/qualiquimica.com\/en\/wp-json\/wp\/v2\/types\/product"}],"replies":[{"embeddable":true,"href":"https:\/\/qualiquimica.com\/en\/wp-json\/wp\/v2\/comments?post=2840"}],"wp:featuredmedia":[{"embeddable":true,"href":"https:\/\/qualiquimica.com\/en\/wp-json\/wp\/v2\/media\/1813"}],"wp:attachment":[{"href":"https:\/\/qualiquimica.com\/en\/wp-json\/wp\/v2\/media?parent=2840"}],"wp:term":[{"taxonomy":"product_brand","embeddable":true,"href":"https:\/\/qualiquimica.com\/en\/wp-json\/wp\/v2\/product_brand?post=2840"},{"taxonomy":"product_cat","embeddable":true,"href":"https:\/\/qualiquimica.com\/en\/wp-json\/wp\/v2\/product_cat?post=2840"},{"taxonomy":"product_tag","embeddable":true,"href":"https:\/\/qualiquimica.com\/en\/wp-json\/wp\/v2\/product_tag?post=2840"}],"curies":[{"name":"wp","href":"https:\/\/api.w.org\/{rel}","templated":true}]}}