{"id":2845,"date":"2022-03-31T19:57:39","date_gmt":"2022-03-31T19:57:39","guid":{"rendered":"https:\/\/qualiquimica.com\/produto\/anticongelante-auto-20-2\/"},"modified":"2022-11-29T23:41:42","modified_gmt":"2022-11-29T23:41:42","slug":"anticongelante-auto-20-2","status":"publish","type":"product","link":"https:\/\/qualiquimica.com\/en\/product\/anticongelante-auto-20-2\/","title":{"rendered":"Anticongelante Auto 20%"},"content":{"rendered":"","protected":false},"excerpt":{"rendered":"<p>O Anticongelante Auto 20% \u00e9 um produto com excelentes propriedades de transfer\u00eancia t\u00e9rmica e anticongelantes. \u00c9 um produto \u00e0 base de monoetilenoglicol formulado com aditivos org\u00e2nicos. Garante prote\u00e7\u00e3o contra a corros\u00e3o, em todo o tipo de motores de combust\u00e3o interna e constru\u00eddos em todo o tipo de materiais como alum\u00ednio e ligas, n\u00e3o atacando qualquer outro tipo de materiais presentes nos motores nas juntas ou tubos de passagem do fluido. Pode ser usado dilu\u00eddo, mediante o ponto de congela\u00e7\u00e3o que se pretenda obter.<\/p>\n","protected":false},"featured_media":1822,"comment_status":"open","ping_status":"closed","template":"","meta":[],"product_brand":[],"product_cat":[37,40],"product_tag":[],"class_list":{"0":"post-2845","1":"product","2":"type-product","3":"status-publish","4":"has-post-thumbnail","6":"product_cat-linha-domestica","7":"product_cat-auto","9":"first","10":"instock","11":"shipping-taxable","12":"purchasable","13":"product-type-variable"},"_links":{"self":[{"href":"https:\/\/qualiquimica.com\/en\/wp-json\/wp\/v2\/product\/2845"}],"collection":[{"href":"https:\/\/qualiquimica.com\/en\/wp-json\/wp\/v2\/product"}],"about":[{"href":"https:\/\/qualiquimica.com\/en\/wp-json\/wp\/v2\/types\/product"}],"replies":[{"embeddable":true,"href":"https:\/\/qualiquimica.com\/en\/wp-json\/wp\/v2\/comments?post=2845"}],"wp:featuredmedia":[{"embeddable":true,"href":"https:\/\/qualiquimica.com\/en\/wp-json\/wp\/v2\/media\/1822"}],"wp:attachment":[{"href":"https:\/\/qualiquimica.com\/en\/wp-json\/wp\/v2\/media?parent=2845"}],"wp:term":[{"taxonomy":"product_brand","embeddable":true,"href":"https:\/\/qualiquimica.com\/en\/wp-json\/wp\/v2\/product_brand?post=2845"},{"taxonomy":"product_cat","embeddable":true,"href":"https:\/\/qualiquimica.com\/en\/wp-json\/wp\/v2\/product_cat?post=2845"},{"taxonomy":"product_tag","embeddable":true,"href":"https:\/\/qualiquimica.com\/en\/wp-json\/wp\/v2\/product_tag?post=2845"}],"curies":[{"name":"wp","href":"https:\/\/api.w.org\/{rel}","templated":true}]}}