{"id":2848,"date":"2022-03-31T19:57:40","date_gmt":"2022-03-31T19:57:40","guid":{"rendered":"https:\/\/qualiquimica.com\/produto\/qualy-baby-detergente-roupa-neutro\/"},"modified":"2022-10-19T23:52:16","modified_gmt":"2022-10-19T23:52:16","slug":"qualy-baby-detergente-roupa-neutro","status":"publish","type":"product","link":"https:\/\/qualiquimica.com\/en\/product\/qualy-baby-detergente-roupa-neutro\/","title":{"rendered":"QUALY BABY \u2013 Detergente Roupa Neutro"},"content":{"rendered":"","protected":false},"excerpt":{"rendered":"<p>Detergente de elevado rendimento para lavagem de roupa. Indicado para roupas de beb\u00e9 e de pessoas com peles at\u00f3picas, pois n\u00e3o possui os componentes que normalmente se usam em detergentes e amaciadores e que s\u00e3o suscet\u00edveis de criar rea\u00e7\u00f5es al\u00e9rgicas em peles mais sens\u00edveis. A utiliza\u00e7\u00e3o deste detergente pode ser complementada com o uso do Desinfetante T\u00eaxtil Neutro da gama Qualy Baby, obtendo-se excelentes resultados a n\u00edvel de lavagem, suavidade e desinfe\u00e7\u00e3o.<\/p>\n","protected":false},"featured_media":2195,"comment_status":"open","ping_status":"closed","template":"","meta":[],"product_brand":[],"product_cat":[42],"product_tag":[],"class_list":{"0":"post-2848","1":"product","2":"type-product","3":"status-publish","4":"has-post-thumbnail","6":"product_cat-qualy-baby","8":"first","9":"instock","10":"shipping-taxable","11":"purchasable","12":"product-type-variable"},"_links":{"self":[{"href":"https:\/\/qualiquimica.com\/en\/wp-json\/wp\/v2\/product\/2848"}],"collection":[{"href":"https:\/\/qualiquimica.com\/en\/wp-json\/wp\/v2\/product"}],"about":[{"href":"https:\/\/qualiquimica.com\/en\/wp-json\/wp\/v2\/types\/product"}],"replies":[{"embeddable":true,"href":"https:\/\/qualiquimica.com\/en\/wp-json\/wp\/v2\/comments?post=2848"}],"wp:featuredmedia":[{"embeddable":true,"href":"https:\/\/qualiquimica.com\/en\/wp-json\/wp\/v2\/media\/2195"}],"wp:attachment":[{"href":"https:\/\/qualiquimica.com\/en\/wp-json\/wp\/v2\/media?parent=2848"}],"wp:term":[{"taxonomy":"product_brand","embeddable":true,"href":"https:\/\/qualiquimica.com\/en\/wp-json\/wp\/v2\/product_brand?post=2848"},{"taxonomy":"product_cat","embeddable":true,"href":"https:\/\/qualiquimica.com\/en\/wp-json\/wp\/v2\/product_cat?post=2848"},{"taxonomy":"product_tag","embeddable":true,"href":"https:\/\/qualiquimica.com\/en\/wp-json\/wp\/v2\/product_tag?post=2848"}],"curies":[{"name":"wp","href":"https:\/\/api.w.org\/{rel}","templated":true}]}}