{"id":2850,"date":"2022-03-31T19:57:40","date_gmt":"2022-03-31T19:57:40","guid":{"rendered":"https:\/\/qualiquimica.com\/produto\/qualy-baby-lava-loica-sensitive\/"},"modified":"2022-10-19T23:52:16","modified_gmt":"2022-10-19T23:52:16","slug":"qualy-baby-lava-loica-sensitive","status":"publish","type":"product","link":"https:\/\/qualiquimica.com\/en\/product\/qualy-baby-lava-loica-sensitive\/","title":{"rendered":"QUALY BABY \u2013 Lava Loi\u00e7a Sensitive"},"content":{"rendered":"","protected":false},"excerpt":{"rendered":"<p>Lava loi\u00e7a com bom poder desengordurante. Formulado para peles sensiveis, recomendado para a lavagem de loi\u00e7as a usar por beb\u00e9s, biberons e tetinas, dado que o produto \u00e9 isento de perfumes, corantes e conservantes.<\/p>\n","protected":false},"featured_media":2192,"comment_status":"open","ping_status":"closed","template":"","meta":[],"product_brand":[],"product_cat":[42],"product_tag":[],"class_list":{"0":"post-2850","1":"product","2":"type-product","3":"status-publish","4":"has-post-thumbnail","6":"product_cat-qualy-baby","8":"first","9":"instock","10":"shipping-taxable","11":"purchasable","12":"product-type-variable"},"_links":{"self":[{"href":"https:\/\/qualiquimica.com\/en\/wp-json\/wp\/v2\/product\/2850"}],"collection":[{"href":"https:\/\/qualiquimica.com\/en\/wp-json\/wp\/v2\/product"}],"about":[{"href":"https:\/\/qualiquimica.com\/en\/wp-json\/wp\/v2\/types\/product"}],"replies":[{"embeddable":true,"href":"https:\/\/qualiquimica.com\/en\/wp-json\/wp\/v2\/comments?post=2850"}],"wp:featuredmedia":[{"embeddable":true,"href":"https:\/\/qualiquimica.com\/en\/wp-json\/wp\/v2\/media\/2192"}],"wp:attachment":[{"href":"https:\/\/qualiquimica.com\/en\/wp-json\/wp\/v2\/media?parent=2850"}],"wp:term":[{"taxonomy":"product_brand","embeddable":true,"href":"https:\/\/qualiquimica.com\/en\/wp-json\/wp\/v2\/product_brand?post=2850"},{"taxonomy":"product_cat","embeddable":true,"href":"https:\/\/qualiquimica.com\/en\/wp-json\/wp\/v2\/product_cat?post=2850"},{"taxonomy":"product_tag","embeddable":true,"href":"https:\/\/qualiquimica.com\/en\/wp-json\/wp\/v2\/product_tag?post=2850"}],"curies":[{"name":"wp","href":"https:\/\/api.w.org\/{rel}","templated":true}]}}