{"id":2852,"date":"2022-03-31T19:57:40","date_gmt":"2022-03-31T19:57:40","guid":{"rendered":"https:\/\/qualiquimica.com\/produto\/qualy-baby-lava-loica-maquina\/"},"modified":"2022-10-19T23:52:16","modified_gmt":"2022-10-19T23:52:16","slug":"qualy-baby-lava-loica-maquina","status":"publish","type":"product","link":"https:\/\/qualiquimica.com\/en\/product\/qualy-baby-lava-loica-maquina\/","title":{"rendered":"QUALY BABY \u2013 Lava Loi\u00e7a M\u00e1quina"},"content":{"rendered":"","protected":false},"excerpt":{"rendered":"<p>Detergente de alto rendimento para lavagem \u00e0 m\u00e1quina de loi\u00e7a e talheres. Produto de elevada concentra\u00e7\u00e3o que permite uma limpeza e desengorduramento eficazes. Uso em m\u00e1quinas dom\u00e9sticas. Ao contr\u00e1rio de outros detergentes para m\u00e1quina de lavar loi\u00e7as n\u00e3o possui componentes que s\u00e3o suscet\u00edveis de criar efeitos t\u00f3xicos.<\/p>\n","protected":false},"featured_media":2204,"comment_status":"open","ping_status":"closed","template":"","meta":[],"product_brand":[],"product_cat":[42],"product_tag":[],"class_list":{"0":"post-2852","1":"product","2":"type-product","3":"status-publish","4":"has-post-thumbnail","6":"product_cat-qualy-baby","8":"first","9":"instock","10":"shipping-taxable","11":"purchasable","12":"product-type-variable"},"_links":{"self":[{"href":"https:\/\/qualiquimica.com\/en\/wp-json\/wp\/v2\/product\/2852"}],"collection":[{"href":"https:\/\/qualiquimica.com\/en\/wp-json\/wp\/v2\/product"}],"about":[{"href":"https:\/\/qualiquimica.com\/en\/wp-json\/wp\/v2\/types\/product"}],"replies":[{"embeddable":true,"href":"https:\/\/qualiquimica.com\/en\/wp-json\/wp\/v2\/comments?post=2852"}],"wp:featuredmedia":[{"embeddable":true,"href":"https:\/\/qualiquimica.com\/en\/wp-json\/wp\/v2\/media\/2204"}],"wp:attachment":[{"href":"https:\/\/qualiquimica.com\/en\/wp-json\/wp\/v2\/media?parent=2852"}],"wp:term":[{"taxonomy":"product_brand","embeddable":true,"href":"https:\/\/qualiquimica.com\/en\/wp-json\/wp\/v2\/product_brand?post=2852"},{"taxonomy":"product_cat","embeddable":true,"href":"https:\/\/qualiquimica.com\/en\/wp-json\/wp\/v2\/product_cat?post=2852"},{"taxonomy":"product_tag","embeddable":true,"href":"https:\/\/qualiquimica.com\/en\/wp-json\/wp\/v2\/product_tag?post=2852"}],"curies":[{"name":"wp","href":"https:\/\/api.w.org\/{rel}","templated":true}]}}