{"id":2853,"date":"2022-03-31T19:57:40","date_gmt":"2022-03-31T19:57:40","guid":{"rendered":"https:\/\/qualiquimica.com\/produto\/qualy-baby-lava-tudo-antibacteriano\/"},"modified":"2022-10-19T23:52:16","modified_gmt":"2022-10-19T23:52:16","slug":"qualy-baby-lava-tudo-antibacteriano","status":"publish","type":"product","link":"https:\/\/qualiquimica.com\/en\/product\/qualy-baby-lava-tudo-antibacteriano\/","title":{"rendered":"QUALY BABY \u2013 Lava Tudo Antibacteriano"},"content":{"rendered":"","protected":false},"excerpt":{"rendered":"<p>Detergente l\u00edquido com efeito desinfetante e bactericida \u00e0 base de quatern\u00e1rios de am\u00f3nio. Ideal para limpeza de pavimentos bancas e outras superf\u00edcies em cozinhas. O produto tamb\u00e9m est\u00e1 apto para limpeza e desinfe\u00e7\u00e3o de pavimentos de WC. Limpa, desinfeta e desodoriza. N\u00e3o cont\u00e9m lix\u00edvia.<\/p>\n","protected":false},"featured_media":2207,"comment_status":"open","ping_status":"closed","template":"","meta":[],"product_brand":[],"product_cat":[42],"product_tag":[],"class_list":{"0":"post-2853","1":"product","2":"type-product","3":"status-publish","4":"has-post-thumbnail","6":"product_cat-qualy-baby","8":"first","9":"instock","10":"shipping-taxable","11":"purchasable","12":"product-type-variable"},"_links":{"self":[{"href":"https:\/\/qualiquimica.com\/en\/wp-json\/wp\/v2\/product\/2853"}],"collection":[{"href":"https:\/\/qualiquimica.com\/en\/wp-json\/wp\/v2\/product"}],"about":[{"href":"https:\/\/qualiquimica.com\/en\/wp-json\/wp\/v2\/types\/product"}],"replies":[{"embeddable":true,"href":"https:\/\/qualiquimica.com\/en\/wp-json\/wp\/v2\/comments?post=2853"}],"wp:featuredmedia":[{"embeddable":true,"href":"https:\/\/qualiquimica.com\/en\/wp-json\/wp\/v2\/media\/2207"}],"wp:attachment":[{"href":"https:\/\/qualiquimica.com\/en\/wp-json\/wp\/v2\/media?parent=2853"}],"wp:term":[{"taxonomy":"product_brand","embeddable":true,"href":"https:\/\/qualiquimica.com\/en\/wp-json\/wp\/v2\/product_brand?post=2853"},{"taxonomy":"product_cat","embeddable":true,"href":"https:\/\/qualiquimica.com\/en\/wp-json\/wp\/v2\/product_cat?post=2853"},{"taxonomy":"product_tag","embeddable":true,"href":"https:\/\/qualiquimica.com\/en\/wp-json\/wp\/v2\/product_tag?post=2853"}],"curies":[{"name":"wp","href":"https:\/\/api.w.org\/{rel}","templated":true}]}}