{"id":2857,"date":"2022-03-31T19:57:41","date_gmt":"2022-03-31T19:57:41","guid":{"rendered":"https:\/\/qualiquimica.com\/produto\/multiacao-pastilhas-200g\/"},"modified":"2022-11-21T00:46:16","modified_gmt":"2022-11-21T00:46:16","slug":"multiacao-pastilhas-200g","status":"publish","type":"product","link":"https:\/\/qualiquimica.com\/en\/product\/multiacao-pastilhas-200g\/","title":{"rendered":"Multia\u00e7\u00e3o Pastilhas 200g"},"content":{"rendered":"","protected":false},"excerpt":{"rendered":"<p>Composto em pastilha de 200 g altamente estabilizado e de dissolu\u00e7\u00e3o lenta, de excelente qualidade para tratamento e manuten\u00e7\u00e3o de \u00e1gua de piscinas, com poder desinfetante, algicida, fungicida e floculante.<\/p>\n","protected":false},"featured_media":1411,"comment_status":"open","ping_status":"closed","template":"","meta":[],"product_brand":[],"product_cat":[41],"product_tag":[],"class_list":{"0":"post-2857","1":"product","2":"type-product","3":"status-publish","4":"has-post-thumbnail","6":"product_cat-piscinas","8":"first","9":"instock","10":"shipping-taxable","11":"purchasable","12":"product-type-variable"},"_links":{"self":[{"href":"https:\/\/qualiquimica.com\/en\/wp-json\/wp\/v2\/product\/2857"}],"collection":[{"href":"https:\/\/qualiquimica.com\/en\/wp-json\/wp\/v2\/product"}],"about":[{"href":"https:\/\/qualiquimica.com\/en\/wp-json\/wp\/v2\/types\/product"}],"replies":[{"embeddable":true,"href":"https:\/\/qualiquimica.com\/en\/wp-json\/wp\/v2\/comments?post=2857"}],"wp:featuredmedia":[{"embeddable":true,"href":"https:\/\/qualiquimica.com\/en\/wp-json\/wp\/v2\/media\/1411"}],"wp:attachment":[{"href":"https:\/\/qualiquimica.com\/en\/wp-json\/wp\/v2\/media?parent=2857"}],"wp:term":[{"taxonomy":"product_brand","embeddable":true,"href":"https:\/\/qualiquimica.com\/en\/wp-json\/wp\/v2\/product_brand?post=2857"},{"taxonomy":"product_cat","embeddable":true,"href":"https:\/\/qualiquimica.com\/en\/wp-json\/wp\/v2\/product_cat?post=2857"},{"taxonomy":"product_tag","embeddable":true,"href":"https:\/\/qualiquimica.com\/en\/wp-json\/wp\/v2\/product_tag?post=2857"}],"curies":[{"name":"wp","href":"https:\/\/api.w.org\/{rel}","templated":true}]}}