{"id":2862,"date":"2022-03-31T19:57:41","date_gmt":"2022-03-31T19:57:41","guid":{"rendered":"https:\/\/qualiquimica.com\/produto\/diminuidor-de-ph\/"},"modified":"2022-10-23T11:21:39","modified_gmt":"2022-10-23T11:21:39","slug":"diminuidor-de-ph","status":"publish","type":"product","link":"https:\/\/qualiquimica.com\/en\/product\/diminuidor-de-ph\/","title":{"rendered":"Diminuidor de pH"},"content":{"rendered":"","protected":false},"excerpt":{"rendered":"<p>S\u00f3lido branco em forma de p\u00e9rolas para diminui\u00e7\u00e3o de pH em piscinas.<\/p>\n","protected":false},"featured_media":3614,"comment_status":"open","ping_status":"closed","template":"","meta":[],"product_brand":[],"product_cat":[41],"product_tag":[],"class_list":{"0":"post-2862","1":"product","2":"type-product","3":"status-publish","4":"has-post-thumbnail","6":"product_cat-piscinas","8":"first","9":"instock","10":"shipping-taxable","11":"purchasable","12":"product-type-variable"},"_links":{"self":[{"href":"https:\/\/qualiquimica.com\/en\/wp-json\/wp\/v2\/product\/2862"}],"collection":[{"href":"https:\/\/qualiquimica.com\/en\/wp-json\/wp\/v2\/product"}],"about":[{"href":"https:\/\/qualiquimica.com\/en\/wp-json\/wp\/v2\/types\/product"}],"replies":[{"embeddable":true,"href":"https:\/\/qualiquimica.com\/en\/wp-json\/wp\/v2\/comments?post=2862"}],"wp:featuredmedia":[{"embeddable":true,"href":"https:\/\/qualiquimica.com\/en\/wp-json\/wp\/v2\/media\/3614"}],"wp:attachment":[{"href":"https:\/\/qualiquimica.com\/en\/wp-json\/wp\/v2\/media?parent=2862"}],"wp:term":[{"taxonomy":"product_brand","embeddable":true,"href":"https:\/\/qualiquimica.com\/en\/wp-json\/wp\/v2\/product_brand?post=2862"},{"taxonomy":"product_cat","embeddable":true,"href":"https:\/\/qualiquimica.com\/en\/wp-json\/wp\/v2\/product_cat?post=2862"},{"taxonomy":"product_tag","embeddable":true,"href":"https:\/\/qualiquimica.com\/en\/wp-json\/wp\/v2\/product_tag?post=2862"}],"curies":[{"name":"wp","href":"https:\/\/api.w.org\/{rel}","templated":true}]}}