{"id":2866,"date":"2022-03-31T19:57:42","date_gmt":"2022-03-31T19:57:42","guid":{"rendered":"https:\/\/qualiquimica.com\/produto\/ipoclorix-tec-cloro-liquido-135-cloro-ativo\/"},"modified":"2022-10-19T23:52:16","modified_gmt":"2022-10-19T23:52:16","slug":"ipoclorix-tec-cloro-liquido-135-cloro-ativo","status":"publish","type":"product","link":"https:\/\/qualiquimica.com\/en\/product\/ipoclorix-tec-cloro-liquido-135-cloro-ativo\/","title":{"rendered":"Ipoclorix TEC &#8211; (Cloro L\u00edquido 13,5% Cloro Ativo)"},"content":{"rendered":"","protected":false},"excerpt":{"rendered":"<p>Produto clorado l\u00edquido apto para a desinfe\u00e7\u00e3o de piscinas. Ideal para sistemas com doseamento autom\u00e1tico.<\/p>\n","protected":false},"featured_media":3419,"comment_status":"open","ping_status":"closed","template":"","meta":[],"product_brand":[],"product_cat":[41],"product_tag":[],"class_list":{"0":"post-2866","1":"product","2":"type-product","3":"status-publish","4":"has-post-thumbnail","6":"product_cat-piscinas","8":"first","9":"instock","10":"shipping-taxable","11":"purchasable","12":"product-type-variable"},"_links":{"self":[{"href":"https:\/\/qualiquimica.com\/en\/wp-json\/wp\/v2\/product\/2866"}],"collection":[{"href":"https:\/\/qualiquimica.com\/en\/wp-json\/wp\/v2\/product"}],"about":[{"href":"https:\/\/qualiquimica.com\/en\/wp-json\/wp\/v2\/types\/product"}],"replies":[{"embeddable":true,"href":"https:\/\/qualiquimica.com\/en\/wp-json\/wp\/v2\/comments?post=2866"}],"wp:featuredmedia":[{"embeddable":true,"href":"https:\/\/qualiquimica.com\/en\/wp-json\/wp\/v2\/media\/3419"}],"wp:attachment":[{"href":"https:\/\/qualiquimica.com\/en\/wp-json\/wp\/v2\/media?parent=2866"}],"wp:term":[{"taxonomy":"product_brand","embeddable":true,"href":"https:\/\/qualiquimica.com\/en\/wp-json\/wp\/v2\/product_brand?post=2866"},{"taxonomy":"product_cat","embeddable":true,"href":"https:\/\/qualiquimica.com\/en\/wp-json\/wp\/v2\/product_cat?post=2866"},{"taxonomy":"product_tag","embeddable":true,"href":"https:\/\/qualiquimica.com\/en\/wp-json\/wp\/v2\/product_tag?post=2866"}],"curies":[{"name":"wp","href":"https:\/\/api.w.org\/{rel}","templated":true}]}}