{"id":2867,"date":"2022-03-31T19:57:42","date_gmt":"2022-03-31T19:57:42","guid":{"rendered":"https:\/\/qualiquimica.com\/produto\/incrementador-de-alcalinidade\/"},"modified":"2022-11-29T23:52:21","modified_gmt":"2022-11-29T23:52:21","slug":"incrementador-de-alcalinidade","status":"publish","type":"product","link":"https:\/\/qualiquimica.com\/en\/product\/incrementador-de-alcalinidade\/","title":{"rendered":"Incrementador de Alcalinidade"},"content":{"rendered":"","protected":false},"excerpt":{"rendered":"<p>Produto em p\u00f3 para aumento da alcalinidade total da \u00e1gua de piscinas, quando o seu valor \u00e9 inferior a 125 ppm. Contribui para o equil\u00edbrio do pH da \u00e1gua, permitindo assim um melhor tratamento.<\/p>\n","protected":false},"featured_media":3612,"comment_status":"open","ping_status":"closed","template":"","meta":[],"product_brand":[],"product_cat":[41],"product_tag":[],"class_list":{"0":"post-2867","1":"product","2":"type-product","3":"status-publish","4":"has-post-thumbnail","6":"product_cat-piscinas","8":"first","9":"instock","10":"shipping-taxable","11":"purchasable","12":"product-type-variable"},"_links":{"self":[{"href":"https:\/\/qualiquimica.com\/en\/wp-json\/wp\/v2\/product\/2867"}],"collection":[{"href":"https:\/\/qualiquimica.com\/en\/wp-json\/wp\/v2\/product"}],"about":[{"href":"https:\/\/qualiquimica.com\/en\/wp-json\/wp\/v2\/types\/product"}],"replies":[{"embeddable":true,"href":"https:\/\/qualiquimica.com\/en\/wp-json\/wp\/v2\/comments?post=2867"}],"wp:featuredmedia":[{"embeddable":true,"href":"https:\/\/qualiquimica.com\/en\/wp-json\/wp\/v2\/media\/3612"}],"wp:attachment":[{"href":"https:\/\/qualiquimica.com\/en\/wp-json\/wp\/v2\/media?parent=2867"}],"wp:term":[{"taxonomy":"product_brand","embeddable":true,"href":"https:\/\/qualiquimica.com\/en\/wp-json\/wp\/v2\/product_brand?post=2867"},{"taxonomy":"product_cat","embeddable":true,"href":"https:\/\/qualiquimica.com\/en\/wp-json\/wp\/v2\/product_cat?post=2867"},{"taxonomy":"product_tag","embeddable":true,"href":"https:\/\/qualiquimica.com\/en\/wp-json\/wp\/v2\/product_tag?post=2867"}],"curies":[{"name":"wp","href":"https:\/\/api.w.org\/{rel}","templated":true}]}}