{"id":2868,"date":"2022-03-31T19:57:42","date_gmt":"2022-03-31T19:57:42","guid":{"rendered":"https:\/\/qualiquimica.com\/produto\/desengordurante-de-linha-de-agua\/"},"modified":"2022-10-20T00:06:53","modified_gmt":"2022-10-20T00:06:53","slug":"desengordurante-de-linha-de-agua","status":"publish","type":"product","link":"https:\/\/qualiquimica.com\/en\/product\/desengordurante-de-linha-de-agua\/","title":{"rendered":"Desengordurante de Linha de \u00c1gua"},"content":{"rendered":"","protected":false},"excerpt":{"rendered":"<p>Potente l\u00edquido de limpeza de linha de \u00e1gua. Limpa gorduras e sujidades nas bordas, paredes das piscinas e zonas anexas.<\/p>\n","protected":false},"featured_media":2177,"comment_status":"open","ping_status":"closed","template":"","meta":[],"product_brand":[],"product_cat":[41],"product_tag":[],"class_list":{"0":"post-2868","1":"product","2":"type-product","3":"status-publish","4":"has-post-thumbnail","6":"product_cat-piscinas","8":"first","9":"instock","10":"shipping-taxable","11":"purchasable","12":"product-type-variable"},"_links":{"self":[{"href":"https:\/\/qualiquimica.com\/en\/wp-json\/wp\/v2\/product\/2868"}],"collection":[{"href":"https:\/\/qualiquimica.com\/en\/wp-json\/wp\/v2\/product"}],"about":[{"href":"https:\/\/qualiquimica.com\/en\/wp-json\/wp\/v2\/types\/product"}],"replies":[{"embeddable":true,"href":"https:\/\/qualiquimica.com\/en\/wp-json\/wp\/v2\/comments?post=2868"}],"wp:featuredmedia":[{"embeddable":true,"href":"https:\/\/qualiquimica.com\/en\/wp-json\/wp\/v2\/media\/2177"}],"wp:attachment":[{"href":"https:\/\/qualiquimica.com\/en\/wp-json\/wp\/v2\/media?parent=2868"}],"wp:term":[{"taxonomy":"product_brand","embeddable":true,"href":"https:\/\/qualiquimica.com\/en\/wp-json\/wp\/v2\/product_brand?post=2868"},{"taxonomy":"product_cat","embeddable":true,"href":"https:\/\/qualiquimica.com\/en\/wp-json\/wp\/v2\/product_cat?post=2868"},{"taxonomy":"product_tag","embeddable":true,"href":"https:\/\/qualiquimica.com\/en\/wp-json\/wp\/v2\/product_tag?post=2868"}],"curies":[{"name":"wp","href":"https:\/\/api.w.org\/{rel}","templated":true}]}}