{"id":2869,"date":"2022-03-31T19:57:45","date_gmt":"2022-03-31T19:57:45","guid":{"rendered":"https:\/\/qualiquimica.com\/produto\/desincrustante-de-superficies-extra\/"},"modified":"2022-10-19T23:52:19","modified_gmt":"2022-10-19T23:52:19","slug":"desincrustante-de-superficies-extra","status":"publish","type":"product","link":"https:\/\/qualiquimica.com\/en\/product\/desincrustante-de-superficies-extra\/","title":{"rendered":"Desincrustante de Superf\u00edcies Extra"},"content":{"rendered":"","protected":false},"excerpt":{"rendered":"<p>Detergente de base \u00e1cida para remo\u00e7\u00e3o de cimentos, incrusta\u00e7\u00f5es, manchas e calc\u00e1rios em cer\u00e2micos e pedras de bordadura das piscinas. Possui, igualmente, bom desempenho na remo\u00e7\u00e3o de tinta, oxida\u00e7\u00f5es, ferrugem, etc. Deve ser aplicado apenas em materiais resistentes a \u00e1cidos.<\/p>\n","protected":false},"featured_media":1433,"comment_status":"open","ping_status":"closed","template":"","meta":[],"product_brand":[],"product_cat":[41],"product_tag":[],"class_list":{"0":"post-2869","1":"product","2":"type-product","3":"status-publish","4":"has-post-thumbnail","6":"product_cat-piscinas","8":"first","9":"instock","10":"shipping-taxable","11":"purchasable","12":"product-type-variable"},"_links":{"self":[{"href":"https:\/\/qualiquimica.com\/en\/wp-json\/wp\/v2\/product\/2869"}],"collection":[{"href":"https:\/\/qualiquimica.com\/en\/wp-json\/wp\/v2\/product"}],"about":[{"href":"https:\/\/qualiquimica.com\/en\/wp-json\/wp\/v2\/types\/product"}],"replies":[{"embeddable":true,"href":"https:\/\/qualiquimica.com\/en\/wp-json\/wp\/v2\/comments?post=2869"}],"wp:featuredmedia":[{"embeddable":true,"href":"https:\/\/qualiquimica.com\/en\/wp-json\/wp\/v2\/media\/1433"}],"wp:attachment":[{"href":"https:\/\/qualiquimica.com\/en\/wp-json\/wp\/v2\/media?parent=2869"}],"wp:term":[{"taxonomy":"product_brand","embeddable":true,"href":"https:\/\/qualiquimica.com\/en\/wp-json\/wp\/v2\/product_brand?post=2869"},{"taxonomy":"product_cat","embeddable":true,"href":"https:\/\/qualiquimica.com\/en\/wp-json\/wp\/v2\/product_cat?post=2869"},{"taxonomy":"product_tag","embeddable":true,"href":"https:\/\/qualiquimica.com\/en\/wp-json\/wp\/v2\/product_tag?post=2869"}],"curies":[{"name":"wp","href":"https:\/\/api.w.org\/{rel}","templated":true}]}}