{"id":3327,"date":"2022-05-26T11:18:18","date_gmt":"2022-05-26T11:18:18","guid":{"rendered":"https:\/\/qualiquimica.com\/?post_type=product&#038;p=3327"},"modified":"2022-10-19T23:52:20","modified_gmt":"2022-10-19T23:52:20","slug":"flaydet-lava-tudo-floral","status":"publish","type":"product","link":"https:\/\/qualiquimica.com\/en\/product\/flaydet-lava-tudo-floral\/","title":{"rendered":"FLAYDET &#8211; Lava Tudo Floral"},"content":{"rendered":"","protected":false},"excerpt":{"rendered":"<p>Detergente l\u00edquido perfumado para usos gerais como lavagens e desodoriza\u00e7\u00e3o de pavimentos, bancadas, WC, etc.<\/p>\n","protected":false},"featured_media":1465,"comment_status":"open","ping_status":"closed","template":"","meta":[],"product_brand":[],"product_cat":[36,48],"product_tag":[],"class_list":{"0":"post-3327","1":"product","2":"type-product","3":"status-publish","4":"has-post-thumbnail","6":"product_cat-linha-profissional","7":"product_cat-flaydet","9":"first","10":"instock","11":"shipping-taxable","12":"purchasable","13":"product-type-variable"},"_links":{"self":[{"href":"https:\/\/qualiquimica.com\/en\/wp-json\/wp\/v2\/product\/3327"}],"collection":[{"href":"https:\/\/qualiquimica.com\/en\/wp-json\/wp\/v2\/product"}],"about":[{"href":"https:\/\/qualiquimica.com\/en\/wp-json\/wp\/v2\/types\/product"}],"replies":[{"embeddable":true,"href":"https:\/\/qualiquimica.com\/en\/wp-json\/wp\/v2\/comments?post=3327"}],"wp:featuredmedia":[{"embeddable":true,"href":"https:\/\/qualiquimica.com\/en\/wp-json\/wp\/v2\/media\/1465"}],"wp:attachment":[{"href":"https:\/\/qualiquimica.com\/en\/wp-json\/wp\/v2\/media?parent=3327"}],"wp:term":[{"taxonomy":"product_brand","embeddable":true,"href":"https:\/\/qualiquimica.com\/en\/wp-json\/wp\/v2\/product_brand?post=3327"},{"taxonomy":"product_cat","embeddable":true,"href":"https:\/\/qualiquimica.com\/en\/wp-json\/wp\/v2\/product_cat?post=3327"},{"taxonomy":"product_tag","embeddable":true,"href":"https:\/\/qualiquimica.com\/en\/wp-json\/wp\/v2\/product_tag?post=3327"}],"curies":[{"name":"wp","href":"https:\/\/api.w.org\/{rel}","templated":true}]}}