{"id":3328,"date":"2022-05-26T11:18:18","date_gmt":"2022-05-26T11:18:18","guid":{"rendered":"https:\/\/qualiquimica.com\/?post_type=product&#038;p=3328"},"modified":"2022-10-19T23:52:20","modified_gmt":"2022-10-19T23:52:20","slug":"flaydet-limpa-vidros","status":"publish","type":"product","link":"https:\/\/qualiquimica.com\/en\/product\/flaydet-limpa-vidros\/","title":{"rendered":"FLAYDET &#8211; Limpa Vidros"},"content":{"rendered":"","protected":false},"excerpt":{"rendered":"<p>Limpa vidros para remo\u00e7\u00e3o de sujidade, manchas e dedadas em vidros, cer\u00e2micos, pl\u00e1sticos, etc. Permite uma secagem r\u00e1pida, eficaz e sem manchas. Real\u00e7a o brilho das superf\u00edcies.<\/p>\n","protected":false},"featured_media":1467,"comment_status":"open","ping_status":"closed","template":"","meta":[],"product_brand":[],"product_cat":[36,48],"product_tag":[],"class_list":{"0":"post-3328","1":"product","2":"type-product","3":"status-publish","4":"has-post-thumbnail","6":"product_cat-linha-profissional","7":"product_cat-flaydet","9":"first","10":"instock","11":"shipping-taxable","12":"purchasable","13":"product-type-variable"},"_links":{"self":[{"href":"https:\/\/qualiquimica.com\/en\/wp-json\/wp\/v2\/product\/3328"}],"collection":[{"href":"https:\/\/qualiquimica.com\/en\/wp-json\/wp\/v2\/product"}],"about":[{"href":"https:\/\/qualiquimica.com\/en\/wp-json\/wp\/v2\/types\/product"}],"replies":[{"embeddable":true,"href":"https:\/\/qualiquimica.com\/en\/wp-json\/wp\/v2\/comments?post=3328"}],"wp:featuredmedia":[{"embeddable":true,"href":"https:\/\/qualiquimica.com\/en\/wp-json\/wp\/v2\/media\/1467"}],"wp:attachment":[{"href":"https:\/\/qualiquimica.com\/en\/wp-json\/wp\/v2\/media?parent=3328"}],"wp:term":[{"taxonomy":"product_brand","embeddable":true,"href":"https:\/\/qualiquimica.com\/en\/wp-json\/wp\/v2\/product_brand?post=3328"},{"taxonomy":"product_cat","embeddable":true,"href":"https:\/\/qualiquimica.com\/en\/wp-json\/wp\/v2\/product_cat?post=3328"},{"taxonomy":"product_tag","embeddable":true,"href":"https:\/\/qualiquimica.com\/en\/wp-json\/wp\/v2\/product_tag?post=3328"}],"curies":[{"name":"wp","href":"https:\/\/api.w.org\/{rel}","templated":true}]}}