{"id":3332,"date":"2022-05-26T11:18:20","date_gmt":"2022-05-26T11:18:20","guid":{"rendered":"https:\/\/qualiquimica.com\/?post_type=product&#038;p=3332"},"modified":"2022-11-21T00:00:44","modified_gmt":"2022-11-21T00:00:44","slug":"flaydet-lava-loica-maquina-clorado","status":"publish","type":"product","link":"https:\/\/qualiquimica.com\/en\/product\/flaydet-lava-loica-maquina-clorado\/","title":{"rendered":"FLAYDET &#8211; Lava Loi\u00e7a M\u00e1quina Clorado"},"content":{"rendered":"","protected":false},"excerpt":{"rendered":"<p>Detergente l\u00edquido de base alcalina com cloro ativo indicado para lavagem de loi\u00e7as \u00e0 m\u00e1quina. Possui boas propriedades de limpeza da loi\u00e7a. Gra\u00e7as \u00e0s suas propriedades desengordurantes e de remo\u00e7\u00e3o da sujidade, o FlayDet &#8211; Lava Loi\u00e7a M\u00e1quina Clorado \u00e9 um produto de espuma controlada que remove e dissolve as manchas e as incrusta\u00e7\u00f5es de alimentos limpando a fundo os pratos, copos, talheres, panelas, etc. Para obter melhores resultados a n\u00edvel de brilho, secagem e de propriedades anti calc\u00e1rias \u00e9 aconselh\u00e1vel complementar com o FlayDet &#8211; Secante Abrilhantador.<\/p>\n","protected":false},"featured_media":1473,"comment_status":"open","ping_status":"closed","template":"","meta":[],"product_brand":[],"product_cat":[36,48],"product_tag":[],"class_list":{"0":"post-3332","1":"product","2":"type-product","3":"status-publish","4":"has-post-thumbnail","6":"product_cat-linha-profissional","7":"product_cat-flaydet","9":"first","10":"instock","11":"shipping-taxable","12":"purchasable","13":"product-type-variable"},"_links":{"self":[{"href":"https:\/\/qualiquimica.com\/en\/wp-json\/wp\/v2\/product\/3332"}],"collection":[{"href":"https:\/\/qualiquimica.com\/en\/wp-json\/wp\/v2\/product"}],"about":[{"href":"https:\/\/qualiquimica.com\/en\/wp-json\/wp\/v2\/types\/product"}],"replies":[{"embeddable":true,"href":"https:\/\/qualiquimica.com\/en\/wp-json\/wp\/v2\/comments?post=3332"}],"wp:featuredmedia":[{"embeddable":true,"href":"https:\/\/qualiquimica.com\/en\/wp-json\/wp\/v2\/media\/1473"}],"wp:attachment":[{"href":"https:\/\/qualiquimica.com\/en\/wp-json\/wp\/v2\/media?parent=3332"}],"wp:term":[{"taxonomy":"product_brand","embeddable":true,"href":"https:\/\/qualiquimica.com\/en\/wp-json\/wp\/v2\/product_brand?post=3332"},{"taxonomy":"product_cat","embeddable":true,"href":"https:\/\/qualiquimica.com\/en\/wp-json\/wp\/v2\/product_cat?post=3332"},{"taxonomy":"product_tag","embeddable":true,"href":"https:\/\/qualiquimica.com\/en\/wp-json\/wp\/v2\/product_tag?post=3332"}],"curies":[{"name":"wp","href":"https:\/\/api.w.org\/{rel}","templated":true}]}}