{"id":3337,"date":"2022-05-26T11:18:22","date_gmt":"2022-05-26T11:18:22","guid":{"rendered":"https:\/\/qualiquimica.com\/?post_type=product&#038;p=3337"},"modified":"2022-10-19T23:52:20","modified_gmt":"2022-10-19T23:52:20","slug":"flaydet-amaciador-de-roupa-blue","status":"publish","type":"product","link":"https:\/\/qualiquimica.com\/en\/product\/flaydet-amaciador-de-roupa-blue\/","title":{"rendered":"FLAYDET &#8211; Amaciador de Roupa Blue"},"content":{"rendered":"","protected":false},"excerpt":{"rendered":"<p>Amaciador t\u00eaxtil perfumado de elevado poder suavizante e agrad\u00e1vel frag\u00e2ncia a Alo\u00e9 Vera. Com perfume microencapsulado que permite liberta\u00e7\u00e3o de fragr\u00e2ncia ao toque. Suaviza e cuida das fibras nos processos de lavagem. Formulado para uso dom\u00e9stico, profissional e industrial.<\/p>\n","protected":false},"featured_media":3463,"comment_status":"open","ping_status":"closed","template":"","meta":[],"product_brand":[],"product_cat":[36,48],"product_tag":[],"class_list":{"0":"post-3337","1":"product","2":"type-product","3":"status-publish","4":"has-post-thumbnail","6":"product_cat-linha-profissional","7":"product_cat-flaydet","9":"first","10":"instock","11":"shipping-taxable","12":"purchasable","13":"product-type-variable"},"_links":{"self":[{"href":"https:\/\/qualiquimica.com\/en\/wp-json\/wp\/v2\/product\/3337"}],"collection":[{"href":"https:\/\/qualiquimica.com\/en\/wp-json\/wp\/v2\/product"}],"about":[{"href":"https:\/\/qualiquimica.com\/en\/wp-json\/wp\/v2\/types\/product"}],"replies":[{"embeddable":true,"href":"https:\/\/qualiquimica.com\/en\/wp-json\/wp\/v2\/comments?post=3337"}],"wp:featuredmedia":[{"embeddable":true,"href":"https:\/\/qualiquimica.com\/en\/wp-json\/wp\/v2\/media\/3463"}],"wp:attachment":[{"href":"https:\/\/qualiquimica.com\/en\/wp-json\/wp\/v2\/media?parent=3337"}],"wp:term":[{"taxonomy":"product_brand","embeddable":true,"href":"https:\/\/qualiquimica.com\/en\/wp-json\/wp\/v2\/product_brand?post=3337"},{"taxonomy":"product_cat","embeddable":true,"href":"https:\/\/qualiquimica.com\/en\/wp-json\/wp\/v2\/product_cat?post=3337"},{"taxonomy":"product_tag","embeddable":true,"href":"https:\/\/qualiquimica.com\/en\/wp-json\/wp\/v2\/product_tag?post=3337"}],"curies":[{"name":"wp","href":"https:\/\/api.w.org\/{rel}","templated":true}]}}