{"id":3338,"date":"2022-05-26T11:18:23","date_gmt":"2022-05-26T11:18:23","guid":{"rendered":"https:\/\/qualiquimica.com\/?post_type=product&#038;p=3338"},"modified":"2022-10-19T23:52:20","modified_gmt":"2022-10-19T23:52:20","slug":"flaydet-detergente-roupa-pro-lav","status":"publish","type":"product","link":"https:\/\/qualiquimica.com\/en\/product\/flaydet-detergente-roupa-pro-lav\/","title":{"rendered":"FLAYDET &#8211; Detergente Roupa PRO LAV"},"content":{"rendered":"","protected":false},"excerpt":{"rendered":"<p>Detergente l\u00edquido de bom rendimento para lavagem de roupa. Produto de baixa viscosidade, especialmente formulado para sistemas autom\u00e1ticos de doseamento em lavandarias. Cuida e limpa a roupa, atuando eficazmente na remo\u00e7\u00e3o de sujidade, evitando a redeposi\u00e7\u00e3o. A efic\u00e1cia de lavagem do produto pode ser complementada no doseamento autom\u00e1tico com aditivos de pr\u00e9-lavagem e branqueadores.<\/p>\n","protected":false},"featured_media":3433,"comment_status":"open","ping_status":"closed","template":"","meta":[],"product_brand":[],"product_cat":[36,48],"product_tag":[],"class_list":{"0":"post-3338","1":"product","2":"type-product","3":"status-publish","4":"has-post-thumbnail","6":"product_cat-linha-profissional","7":"product_cat-flaydet","9":"first","10":"instock","11":"shipping-taxable","12":"purchasable","13":"product-type-variable"},"_links":{"self":[{"href":"https:\/\/qualiquimica.com\/en\/wp-json\/wp\/v2\/product\/3338"}],"collection":[{"href":"https:\/\/qualiquimica.com\/en\/wp-json\/wp\/v2\/product"}],"about":[{"href":"https:\/\/qualiquimica.com\/en\/wp-json\/wp\/v2\/types\/product"}],"replies":[{"embeddable":true,"href":"https:\/\/qualiquimica.com\/en\/wp-json\/wp\/v2\/comments?post=3338"}],"wp:featuredmedia":[{"embeddable":true,"href":"https:\/\/qualiquimica.com\/en\/wp-json\/wp\/v2\/media\/3433"}],"wp:attachment":[{"href":"https:\/\/qualiquimica.com\/en\/wp-json\/wp\/v2\/media?parent=3338"}],"wp:term":[{"taxonomy":"product_brand","embeddable":true,"href":"https:\/\/qualiquimica.com\/en\/wp-json\/wp\/v2\/product_brand?post=3338"},{"taxonomy":"product_cat","embeddable":true,"href":"https:\/\/qualiquimica.com\/en\/wp-json\/wp\/v2\/product_cat?post=3338"},{"taxonomy":"product_tag","embeddable":true,"href":"https:\/\/qualiquimica.com\/en\/wp-json\/wp\/v2\/product_tag?post=3338"}],"curies":[{"name":"wp","href":"https:\/\/api.w.org\/{rel}","templated":true}]}}