{"id":3341,"date":"2022-05-26T11:18:23","date_gmt":"2022-05-26T11:18:23","guid":{"rendered":"https:\/\/qualiquimica.com\/?post_type=product&#038;p=3341"},"modified":"2022-10-19T23:52:20","modified_gmt":"2022-10-19T23:52:20","slug":"flaydet-aditivo-alcalino","status":"publish","type":"product","link":"https:\/\/qualiquimica.com\/en\/product\/flaydet-aditivo-alcalino\/","title":{"rendered":"FLAYDET &#8211; Aditivo Alcalino"},"content":{"rendered":"","protected":false},"excerpt":{"rendered":"<p>Aditivo l\u00edquido alcalino \u00e0 base de agentes alcalinos, subst\u00e2ncias sequestrantes e tensioativos de baixa espuma. \u00c9 utilizado como produto de pr\u00e9-lavagem e complemento ao detergente l\u00edquido em processos de lavagem de roupa com n\u00f3doas dif\u00edceis tais como: gorduras, sangue, restos org\u00e2nicos, urina, etc.<\/p>\n","protected":false},"featured_media":3435,"comment_status":"open","ping_status":"closed","template":"","meta":[],"product_brand":[],"product_cat":[36,48],"product_tag":[],"class_list":{"0":"post-3341","1":"product","2":"type-product","3":"status-publish","4":"has-post-thumbnail","6":"product_cat-linha-profissional","7":"product_cat-flaydet","9":"first","10":"instock","11":"shipping-taxable","12":"purchasable","13":"product-type-variable"},"_links":{"self":[{"href":"https:\/\/qualiquimica.com\/en\/wp-json\/wp\/v2\/product\/3341"}],"collection":[{"href":"https:\/\/qualiquimica.com\/en\/wp-json\/wp\/v2\/product"}],"about":[{"href":"https:\/\/qualiquimica.com\/en\/wp-json\/wp\/v2\/types\/product"}],"replies":[{"embeddable":true,"href":"https:\/\/qualiquimica.com\/en\/wp-json\/wp\/v2\/comments?post=3341"}],"wp:featuredmedia":[{"embeddable":true,"href":"https:\/\/qualiquimica.com\/en\/wp-json\/wp\/v2\/media\/3435"}],"wp:attachment":[{"href":"https:\/\/qualiquimica.com\/en\/wp-json\/wp\/v2\/media?parent=3341"}],"wp:term":[{"taxonomy":"product_brand","embeddable":true,"href":"https:\/\/qualiquimica.com\/en\/wp-json\/wp\/v2\/product_brand?post=3341"},{"taxonomy":"product_cat","embeddable":true,"href":"https:\/\/qualiquimica.com\/en\/wp-json\/wp\/v2\/product_cat?post=3341"},{"taxonomy":"product_tag","embeddable":true,"href":"https:\/\/qualiquimica.com\/en\/wp-json\/wp\/v2\/product_tag?post=3341"}],"curies":[{"name":"wp","href":"https:\/\/api.w.org\/{rel}","templated":true}]}}