{"id":3343,"date":"2022-05-26T11:18:24","date_gmt":"2022-05-26T11:18:24","guid":{"rendered":"https:\/\/qualiquimica.com\/?post_type=product&#038;p=3343"},"modified":"2022-10-19T23:52:21","modified_gmt":"2022-10-19T23:52:21","slug":"flaydet-branqueador-clorado","status":"publish","type":"product","link":"https:\/\/qualiquimica.com\/en\/product\/flaydet-branqueador-clorado\/","title":{"rendered":"FLAYDET &#8211; Branqueador Clorado"},"content":{"rendered":"","protected":false},"excerpt":{"rendered":"<p>Aditivo l\u00edquido clorado apto para o branqueamento e remo\u00e7\u00e3o de n\u00f3doas em roupa branca e artigos resistentes a cloro. Possui bom poder de branqueamento. Especialmente formulado para uso em sistemas autom\u00e1ticos de doseamento. Aconselh\u00e1vel para utiliza\u00e7\u00e3o em hotelaria e restaura\u00e7\u00e3o, lavandarias, lares, hospitais, etc.<\/p>\n","protected":false},"featured_media":1495,"comment_status":"open","ping_status":"closed","template":"","meta":[],"product_brand":[],"product_cat":[36,48],"product_tag":[],"class_list":{"0":"post-3343","1":"product","2":"type-product","3":"status-publish","4":"has-post-thumbnail","6":"product_cat-linha-profissional","7":"product_cat-flaydet","9":"first","10":"instock","11":"shipping-taxable","12":"purchasable","13":"product-type-variable"},"_links":{"self":[{"href":"https:\/\/qualiquimica.com\/en\/wp-json\/wp\/v2\/product\/3343"}],"collection":[{"href":"https:\/\/qualiquimica.com\/en\/wp-json\/wp\/v2\/product"}],"about":[{"href":"https:\/\/qualiquimica.com\/en\/wp-json\/wp\/v2\/types\/product"}],"replies":[{"embeddable":true,"href":"https:\/\/qualiquimica.com\/en\/wp-json\/wp\/v2\/comments?post=3343"}],"wp:featuredmedia":[{"embeddable":true,"href":"https:\/\/qualiquimica.com\/en\/wp-json\/wp\/v2\/media\/1495"}],"wp:attachment":[{"href":"https:\/\/qualiquimica.com\/en\/wp-json\/wp\/v2\/media?parent=3343"}],"wp:term":[{"taxonomy":"product_brand","embeddable":true,"href":"https:\/\/qualiquimica.com\/en\/wp-json\/wp\/v2\/product_brand?post=3343"},{"taxonomy":"product_cat","embeddable":true,"href":"https:\/\/qualiquimica.com\/en\/wp-json\/wp\/v2\/product_cat?post=3343"},{"taxonomy":"product_tag","embeddable":true,"href":"https:\/\/qualiquimica.com\/en\/wp-json\/wp\/v2\/product_tag?post=3343"}],"curies":[{"name":"wp","href":"https:\/\/api.w.org\/{rel}","templated":true}]}}