{"id":3546,"date":"2022-07-31T23:56:28","date_gmt":"2022-07-31T23:56:28","guid":{"rendered":"https:\/\/qualiquimica.com\/?post_type=product&#038;p=3546"},"modified":"2022-10-19T23:52:21","modified_gmt":"2022-10-19T23:52:21","slug":"higilav-sensifresh-1l-superconcentrado-c-autodoseador","status":"publish","type":"product","link":"https:\/\/qualiquimica.com\/en\/product\/higilav-sensifresh-1l-superconcentrado-c-autodoseador\/","title":{"rendered":"Higilav Sensifresh 1L (Superconcentrado c\/ Autodoseador)"},"content":{"rendered":"","protected":false},"excerpt":{"rendered":"<p>Detergente l\u00edquido super concentrado perfumado de usos gerais para lavagem de pavimentos, bancadas, casas de banho, etc. Ideal para situa\u00e7\u00f5es onde se pretenda higiene e boa perman\u00eancia de fragr\u00e2ncia a um baixo custo. Devido \u00e0 sua alta concentra\u00e7\u00e3o, trata\u2013se de um produto muito econ\u00f3mico e amigo do ambiente. Para lavagem de pavimentos, 1 litro de Higilav Sensifresh permite 20 utiliza\u00e7\u00f5es em baldes com 5L de \u00e1gua.<\/p>\n","protected":false},"featured_media":3550,"comment_status":"open","ping_status":"closed","template":"","meta":[],"product_brand":[],"product_cat":[36,52],"product_tag":[],"class_list":{"0":"post-3546","1":"product","2":"type-product","3":"status-publish","4":"has-post-thumbnail","6":"product_cat-linha-profissional","7":"product_cat-limpeza-e-manutencao-geral","9":"first","10":"instock","11":"shipping-taxable","12":"purchasable","13":"product-type-variable"},"_links":{"self":[{"href":"https:\/\/qualiquimica.com\/en\/wp-json\/wp\/v2\/product\/3546"}],"collection":[{"href":"https:\/\/qualiquimica.com\/en\/wp-json\/wp\/v2\/product"}],"about":[{"href":"https:\/\/qualiquimica.com\/en\/wp-json\/wp\/v2\/types\/product"}],"replies":[{"embeddable":true,"href":"https:\/\/qualiquimica.com\/en\/wp-json\/wp\/v2\/comments?post=3546"}],"wp:featuredmedia":[{"embeddable":true,"href":"https:\/\/qualiquimica.com\/en\/wp-json\/wp\/v2\/media\/3550"}],"wp:attachment":[{"href":"https:\/\/qualiquimica.com\/en\/wp-json\/wp\/v2\/media?parent=3546"}],"wp:term":[{"taxonomy":"product_brand","embeddable":true,"href":"https:\/\/qualiquimica.com\/en\/wp-json\/wp\/v2\/product_brand?post=3546"},{"taxonomy":"product_cat","embeddable":true,"href":"https:\/\/qualiquimica.com\/en\/wp-json\/wp\/v2\/product_cat?post=3546"},{"taxonomy":"product_tag","embeddable":true,"href":"https:\/\/qualiquimica.com\/en\/wp-json\/wp\/v2\/product_tag?post=3546"}],"curies":[{"name":"wp","href":"https:\/\/api.w.org\/{rel}","templated":true}]}}