{"id":3547,"date":"2022-07-31T23:56:28","date_gmt":"2022-07-31T23:56:28","guid":{"rendered":"https:\/\/qualiquimica.com\/?post_type=product&#038;p=3547"},"modified":"2022-10-19T23:52:21","modified_gmt":"2022-10-19T23:52:21","slug":"aditivo-skt","status":"publish","type":"product","link":"https:\/\/qualiquimica.com\/en\/product\/aditivo-skt\/","title":{"rendered":"Aditivo SKT"},"content":{"rendered":"","protected":false},"excerpt":{"rendered":"<p>Aditivo dispersante e sequestrante apto para pr\u00e9-lavagem em lavandaria industrial. Indicado para situa\u00e7\u00f5es em que se pretenda a remo\u00e7\u00e3o de metais que fazem parte da composi\u00e7\u00e3o de cremes de rosto e de corpo.<\/p>\n","protected":false},"featured_media":3553,"comment_status":"open","ping_status":"closed","template":"","meta":[],"product_brand":[],"product_cat":[36,51],"product_tag":[],"class_list":{"0":"post-3547","1":"product","2":"type-product","3":"status-publish","4":"has-post-thumbnail","6":"product_cat-linha-profissional","7":"product_cat-lavandaria","9":"first","10":"instock","11":"shipping-taxable","12":"purchasable","13":"product-type-variable"},"_links":{"self":[{"href":"https:\/\/qualiquimica.com\/en\/wp-json\/wp\/v2\/product\/3547"}],"collection":[{"href":"https:\/\/qualiquimica.com\/en\/wp-json\/wp\/v2\/product"}],"about":[{"href":"https:\/\/qualiquimica.com\/en\/wp-json\/wp\/v2\/types\/product"}],"replies":[{"embeddable":true,"href":"https:\/\/qualiquimica.com\/en\/wp-json\/wp\/v2\/comments?post=3547"}],"wp:featuredmedia":[{"embeddable":true,"href":"https:\/\/qualiquimica.com\/en\/wp-json\/wp\/v2\/media\/3553"}],"wp:attachment":[{"href":"https:\/\/qualiquimica.com\/en\/wp-json\/wp\/v2\/media?parent=3547"}],"wp:term":[{"taxonomy":"product_brand","embeddable":true,"href":"https:\/\/qualiquimica.com\/en\/wp-json\/wp\/v2\/product_brand?post=3547"},{"taxonomy":"product_cat","embeddable":true,"href":"https:\/\/qualiquimica.com\/en\/wp-json\/wp\/v2\/product_cat?post=3547"},{"taxonomy":"product_tag","embeddable":true,"href":"https:\/\/qualiquimica.com\/en\/wp-json\/wp\/v2\/product_tag?post=3547"}],"curies":[{"name":"wp","href":"https:\/\/api.w.org\/{rel}","templated":true}]}}