{"id":3737,"date":"2023-01-26T23:51:02","date_gmt":"2023-01-26T23:51:02","guid":{"rendered":"https:\/\/qualiquimica.com\/?post_type=product&#038;p=3737"},"modified":"2023-01-27T00:13:59","modified_gmt":"2023-01-27T00:13:59","slug":"gel-wc","status":"publish","type":"product","link":"https:\/\/qualiquimica.com\/en\/product\/gel-wc\/","title":{"rendered":"Gel WC"},"content":{"rendered":"","protected":false},"excerpt":{"rendered":"<p>Gel perfumado \u00e0 base de cloro para limpeza e desinfe\u00e7\u00e3o profunda de superf\u00edcies resistentes \u00e0 \u00e1gua. A sua formula\u00e7\u00e3o viscosa permite um tempo de contacto mais elevado em superf\u00edcies verticais.<\/p>\n","protected":false},"featured_media":3739,"comment_status":"open","ping_status":"closed","template":"","meta":[],"product_brand":[],"product_cat":[37,43],"product_tag":[],"class_list":{"0":"post-3737","1":"product","2":"type-product","3":"status-publish","4":"has-post-thumbnail","6":"product_cat-linha-domestica","7":"product_cat-usos-gerais","9":"first","10":"instock","11":"shipping-taxable","12":"purchasable","13":"product-type-variable"},"_links":{"self":[{"href":"https:\/\/qualiquimica.com\/en\/wp-json\/wp\/v2\/product\/3737"}],"collection":[{"href":"https:\/\/qualiquimica.com\/en\/wp-json\/wp\/v2\/product"}],"about":[{"href":"https:\/\/qualiquimica.com\/en\/wp-json\/wp\/v2\/types\/product"}],"replies":[{"embeddable":true,"href":"https:\/\/qualiquimica.com\/en\/wp-json\/wp\/v2\/comments?post=3737"}],"wp:featuredmedia":[{"embeddable":true,"href":"https:\/\/qualiquimica.com\/en\/wp-json\/wp\/v2\/media\/3739"}],"wp:attachment":[{"href":"https:\/\/qualiquimica.com\/en\/wp-json\/wp\/v2\/media?parent=3737"}],"wp:term":[{"taxonomy":"product_brand","embeddable":true,"href":"https:\/\/qualiquimica.com\/en\/wp-json\/wp\/v2\/product_brand?post=3737"},{"taxonomy":"product_cat","embeddable":true,"href":"https:\/\/qualiquimica.com\/en\/wp-json\/wp\/v2\/product_cat?post=3737"},{"taxonomy":"product_tag","embeddable":true,"href":"https:\/\/qualiquimica.com\/en\/wp-json\/wp\/v2\/product_tag?post=3737"}],"curies":[{"name":"wp","href":"https:\/\/api.w.org\/{rel}","templated":true}]}}