{"id":3741,"date":"2023-01-27T00:13:13","date_gmt":"2023-01-27T00:13:13","guid":{"rendered":"https:\/\/qualiquimica.com\/?post_type=product&#038;p=3741"},"modified":"2023-01-27T00:20:43","modified_gmt":"2023-01-27T00:20:43","slug":"acetic-blanc-branqueador-com-acido-paracetico","status":"publish","type":"product","link":"https:\/\/qualiquimica.com\/en\/product\/acetic-blanc-branqueador-com-acido-paracetico\/","title":{"rendered":"Acetic Blanc &#8211; Branqueador com \u00c1cido Parac\u00e9tico"},"content":{"rendered":"","protected":false},"excerpt":{"rendered":"<p>Aditivo l\u00edquido oxigenado com \u00e1cido parac\u00e9tico, branqueador e tira-n\u00f3doas utilizado para o branqueamento e lavagem de todo o tipo de roupa incluindo roupa de cor, exceto em alguns materiais (l\u00e3, seda e nylon). Excelente desempenho para temperaturas entre 35\u00baC e 75\u00baC.<\/p>\n","protected":false},"featured_media":3743,"comment_status":"open","ping_status":"closed","template":"","meta":[],"product_brand":[],"product_cat":[36,51],"product_tag":[],"class_list":{"0":"post-3741","1":"product","2":"type-product","3":"status-publish","4":"has-post-thumbnail","6":"product_cat-linha-profissional","7":"product_cat-lavandaria","9":"first","10":"instock","11":"shipping-taxable","12":"purchasable","13":"product-type-variable"},"_links":{"self":[{"href":"https:\/\/qualiquimica.com\/en\/wp-json\/wp\/v2\/product\/3741"}],"collection":[{"href":"https:\/\/qualiquimica.com\/en\/wp-json\/wp\/v2\/product"}],"about":[{"href":"https:\/\/qualiquimica.com\/en\/wp-json\/wp\/v2\/types\/product"}],"replies":[{"embeddable":true,"href":"https:\/\/qualiquimica.com\/en\/wp-json\/wp\/v2\/comments?post=3741"}],"wp:featuredmedia":[{"embeddable":true,"href":"https:\/\/qualiquimica.com\/en\/wp-json\/wp\/v2\/media\/3743"}],"wp:attachment":[{"href":"https:\/\/qualiquimica.com\/en\/wp-json\/wp\/v2\/media?parent=3741"}],"wp:term":[{"taxonomy":"product_brand","embeddable":true,"href":"https:\/\/qualiquimica.com\/en\/wp-json\/wp\/v2\/product_brand?post=3741"},{"taxonomy":"product_cat","embeddable":true,"href":"https:\/\/qualiquimica.com\/en\/wp-json\/wp\/v2\/product_cat?post=3741"},{"taxonomy":"product_tag","embeddable":true,"href":"https:\/\/qualiquimica.com\/en\/wp-json\/wp\/v2\/product_tag?post=3741"}],"curies":[{"name":"wp","href":"https:\/\/api.w.org\/{rel}","templated":true}]}}